{"id":7488,"date":"2018-03-02T23:59:40","date_gmt":"2018-03-02T23:59:40","guid":{"rendered":"http:\/\/laplumedeloiseaulyre.com\/?page_id=7488"},"modified":"2018-03-02T23:59:40","modified_gmt":"2018-03-02T23:59:40","slug":"sapin-abies-alba","status":"publish","type":"page","link":"http:\/\/laplumedeloiseaulyre.com\/?page_id=7488","title":{"rendered":"SAPIN Abies alba"},"content":{"rendered":"<p>Pourquoi la pluie tombe sur les Sapins<br \/>\nEn \u00e9pines d\u2019or sur leurs c\u0153urs d\u00e9\u00e7us ?<br \/>\nPourtant, elle seule en pleurant parvient<br \/>\n\u00c0 les apaiser de son charme nu.<\/p>\n","protected":false},"excerpt":{"rendered":"<p>Pourquoi la pluie tombe sur les Sapins En \u00e9pines d\u2019or sur leurs c\u0153urs d\u00e9\u00e7us ? Pourtant, elle seule en pleurant parvient \u00c0 les apaiser de son charme nu.<\/p>\n<p class=\"more-link-p\"><a class=\"more-link\" href=\"http:\/\/laplumedeloiseaulyre.com\/?page_id=7488\">Read more &rarr;<\/a><\/p>\n","protected":false},"author":1,"featured_media":0,"parent":0,"menu_order":0,"comment_status":"closed","ping_status":"closed","template":"","meta":{"spay_email":""},"jetpack_shortlink":"https:\/\/wp.me\/P4lzfC-1WM","_links":{"self":[{"href":"http:\/\/laplumedeloiseaulyre.com\/index.php?rest_route=\/wp\/v2\/pages\/7488"}],"collection":[{"href":"http:\/\/laplumedeloiseaulyre.com\/index.php?rest_route=\/wp\/v2\/pages"}],"about":[{"href":"http:\/\/laplumedeloiseaulyre.com\/index.php?rest_route=\/wp\/v2\/types\/page"}],"author":[{"embeddable":true,"href":"http:\/\/laplumedeloiseaulyre.com\/index.php?rest_route=\/wp\/v2\/users\/1"}],"replies":[{"embeddable":true,"href":"http:\/\/laplumedeloiseaulyre.com\/index.php?rest_route=%2Fwp%2Fv2%2Fcomments&post=7488"}],"version-history":[{"count":1,"href":"http:\/\/laplumedeloiseaulyre.com\/index.php?rest_route=\/wp\/v2\/pages\/7488\/revisions"}],"predecessor-version":[{"id":7489,"href":"http:\/\/laplumedeloiseaulyre.com\/index.php?rest_route=\/wp\/v2\/pages\/7488\/revisions\/7489"}],"wp:attachment":[{"href":"http:\/\/laplumedeloiseaulyre.com\/index.php?rest_route=%2Fwp%2Fv2%2Fmedia&parent=7488"}],"curies":[{"name":"wp","href":"https:\/\/api.w.org\/{rel}","templated":true}]}}