{"id":7476,"date":"2018-03-02T23:52:47","date_gmt":"2018-03-02T23:52:47","guid":{"rendered":"http:\/\/laplumedeloiseaulyre.com\/?page_id=7476"},"modified":"2021-03-26T14:52:12","modified_gmt":"2021-03-26T14:52:12","slug":"salsifis-tragopogon-porrifolius","status":"publish","type":"page","link":"http:\/\/laplumedeloiseaulyre.com\/?page_id=7476","title":{"rendered":"SALSIFIS Tragopogon porrifolius"},"content":{"rendered":"<p>Au parlement des l\u00e9gumes f\u00e9lons<br \/>\nSi\u00e8gent les canons blancs des Salsifis,<br \/>\nBourgmestres pivotant sur leurs talons,<br \/>\nSoldats au garde-\u00e0-vous gant\u00e9s de gris.<\/p>\n","protected":false},"excerpt":{"rendered":"<p>Au parlement des l\u00e9gumes f\u00e9lons Si\u00e8gent les canons blancs des Salsifis, Bourgmestres pivotant sur leurs talons, Soldats au garde-\u00e0-vous gant\u00e9s de gris.<\/p>\n<p class=\"more-link-p\"><a class=\"more-link\" href=\"http:\/\/laplumedeloiseaulyre.com\/?page_id=7476\">Read more &rarr;<\/a><\/p>\n","protected":false},"author":1,"featured_media":0,"parent":0,"menu_order":0,"comment_status":"closed","ping_status":"closed","template":"","meta":{"spay_email":""},"jetpack_shortlink":"https:\/\/wp.me\/P4lzfC-1WA","_links":{"self":[{"href":"http:\/\/laplumedeloiseaulyre.com\/index.php?rest_route=\/wp\/v2\/pages\/7476"}],"collection":[{"href":"http:\/\/laplumedeloiseaulyre.com\/index.php?rest_route=\/wp\/v2\/pages"}],"about":[{"href":"http:\/\/laplumedeloiseaulyre.com\/index.php?rest_route=\/wp\/v2\/types\/page"}],"author":[{"embeddable":true,"href":"http:\/\/laplumedeloiseaulyre.com\/index.php?rest_route=\/wp\/v2\/users\/1"}],"replies":[{"embeddable":true,"href":"http:\/\/laplumedeloiseaulyre.com\/index.php?rest_route=%2Fwp%2Fv2%2Fcomments&post=7476"}],"version-history":[{"count":4,"href":"http:\/\/laplumedeloiseaulyre.com\/index.php?rest_route=\/wp\/v2\/pages\/7476\/revisions"}],"predecessor-version":[{"id":11948,"href":"http:\/\/laplumedeloiseaulyre.com\/index.php?rest_route=\/wp\/v2\/pages\/7476\/revisions\/11948"}],"wp:attachment":[{"href":"http:\/\/laplumedeloiseaulyre.com\/index.php?rest_route=%2Fwp%2Fv2%2Fmedia&parent=7476"}],"curies":[{"name":"wp","href":"https:\/\/api.w.org\/{rel}","templated":true}]}}