{"id":7472,"date":"2018-03-02T23:50:58","date_gmt":"2018-03-02T23:50:58","guid":{"rendered":"http:\/\/laplumedeloiseaulyre.com\/?page_id=7472"},"modified":"2018-03-02T23:50:58","modified_gmt":"2018-03-02T23:50:58","slug":"salicorne-salicornia-europaea","status":"publish","type":"page","link":"http:\/\/laplumedeloiseaulyre.com\/?page_id=7472","title":{"rendered":"SALICORNE  Salicornia europaea"},"content":{"rendered":"<p>Frisott\u00e9e de sel par un paludier coiffeur,<br \/>\nTournoyait l\u2019\u00e9meraude chevelure<br \/>\nDes s\u0153urs Salicornes qui avaient pour honneur<br \/>\nDe parer les f\u00e9es d\u2019ostr\u00e9iculture. <\/p>\n","protected":false},"excerpt":{"rendered":"<p>Frisott\u00e9e de sel par un paludier coiffeur, Tournoyait l\u2019\u00e9meraude chevelure Des s\u0153urs Salicornes qui avaient pour honneur De parer les f\u00e9es d\u2019ostr\u00e9iculture.<\/p>\n<p class=\"more-link-p\"><a class=\"more-link\" href=\"http:\/\/laplumedeloiseaulyre.com\/?page_id=7472\">Read more &rarr;<\/a><\/p>\n","protected":false},"author":1,"featured_media":0,"parent":0,"menu_order":0,"comment_status":"closed","ping_status":"closed","template":"","meta":{"spay_email":""},"jetpack_shortlink":"https:\/\/wp.me\/P4lzfC-1Ww","_links":{"self":[{"href":"http:\/\/laplumedeloiseaulyre.com\/index.php?rest_route=\/wp\/v2\/pages\/7472"}],"collection":[{"href":"http:\/\/laplumedeloiseaulyre.com\/index.php?rest_route=\/wp\/v2\/pages"}],"about":[{"href":"http:\/\/laplumedeloiseaulyre.com\/index.php?rest_route=\/wp\/v2\/types\/page"}],"author":[{"embeddable":true,"href":"http:\/\/laplumedeloiseaulyre.com\/index.php?rest_route=\/wp\/v2\/users\/1"}],"replies":[{"embeddable":true,"href":"http:\/\/laplumedeloiseaulyre.com\/index.php?rest_route=%2Fwp%2Fv2%2Fcomments&post=7472"}],"version-history":[{"count":1,"href":"http:\/\/laplumedeloiseaulyre.com\/index.php?rest_route=\/wp\/v2\/pages\/7472\/revisions"}],"predecessor-version":[{"id":7473,"href":"http:\/\/laplumedeloiseaulyre.com\/index.php?rest_route=\/wp\/v2\/pages\/7472\/revisions\/7473"}],"wp:attachment":[{"href":"http:\/\/laplumedeloiseaulyre.com\/index.php?rest_route=%2Fwp%2Fv2%2Fmedia&parent=7472"}],"curies":[{"name":"wp","href":"https:\/\/api.w.org\/{rel}","templated":true}]}}