{"id":7470,"date":"2018-03-02T23:50:11","date_gmt":"2018-03-02T23:50:11","guid":{"rendered":"http:\/\/laplumedeloiseaulyre.com\/?page_id=7470"},"modified":"2021-07-25T14:30:36","modified_gmt":"2021-07-25T14:30:36","slug":"salicaire-lythrum-salicaria","status":"publish","type":"page","link":"http:\/\/laplumedeloiseaulyre.com\/?page_id=7470","title":{"rendered":"SALICAIRE  Lythrum salicaria"},"content":{"rendered":"<p>Tu es tr\u00e8s belle, \u00f4 froide Salicaire,<br \/>\nCompagne lacustre du saule rond<br \/>\nVeillant \u00e0 tresser tes mauves barri\u00e8res,<br \/>\nLouves sentinelles autours d&rsquo;un tronc.<\/p>\n","protected":false},"excerpt":{"rendered":"<p>Tu es tr\u00e8s belle, \u00f4 froide Salicaire, Compagne lacustre du saule rond Veillant \u00e0 tresser tes mauves barri\u00e8res, Louves sentinelles autours d&rsquo;un tronc.<\/p>\n<p class=\"more-link-p\"><a class=\"more-link\" href=\"http:\/\/laplumedeloiseaulyre.com\/?page_id=7470\">Read more &rarr;<\/a><\/p>\n","protected":false},"author":1,"featured_media":0,"parent":0,"menu_order":0,"comment_status":"closed","ping_status":"closed","template":"","meta":{"spay_email":""},"jetpack_shortlink":"https:\/\/wp.me\/P4lzfC-1Wu","_links":{"self":[{"href":"http:\/\/laplumedeloiseaulyre.com\/index.php?rest_route=\/wp\/v2\/pages\/7470"}],"collection":[{"href":"http:\/\/laplumedeloiseaulyre.com\/index.php?rest_route=\/wp\/v2\/pages"}],"about":[{"href":"http:\/\/laplumedeloiseaulyre.com\/index.php?rest_route=\/wp\/v2\/types\/page"}],"author":[{"embeddable":true,"href":"http:\/\/laplumedeloiseaulyre.com\/index.php?rest_route=\/wp\/v2\/users\/1"}],"replies":[{"embeddable":true,"href":"http:\/\/laplumedeloiseaulyre.com\/index.php?rest_route=%2Fwp%2Fv2%2Fcomments&post=7470"}],"version-history":[{"count":2,"href":"http:\/\/laplumedeloiseaulyre.com\/index.php?rest_route=\/wp\/v2\/pages\/7470\/revisions"}],"predecessor-version":[{"id":12633,"href":"http:\/\/laplumedeloiseaulyre.com\/index.php?rest_route=\/wp\/v2\/pages\/7470\/revisions\/12633"}],"wp:attachment":[{"href":"http:\/\/laplumedeloiseaulyre.com\/index.php?rest_route=%2Fwp%2Fv2%2Fmedia&parent=7470"}],"curies":[{"name":"wp","href":"https:\/\/api.w.org\/{rel}","templated":true}]}}