{"id":7461,"date":"2018-03-02T23:31:46","date_gmt":"2018-03-02T23:31:46","guid":{"rendered":"http:\/\/laplumedeloiseaulyre.com\/?page_id=7461"},"modified":"2022-02-25T01:25:42","modified_gmt":"2022-02-25T01:25:42","slug":"sagine-sagina-procumbens","status":"publish","type":"page","link":"http:\/\/laplumedeloiseaulyre.com\/?page_id=7461","title":{"rendered":"SAGINE Sagina procumbens"},"content":{"rendered":"<p>Sage comme une M\u00e9nine de V\u00e9lasquez,<br \/>\nLa Sagine baisse la t\u00eate sous son cadre,<br \/>\n<em>Signora<\/em> des perspectives d\u2019Aranjuez,<br \/>\nPenchant son vertugadin qu\u2019une naine garde.<\/p>\n","protected":false},"excerpt":{"rendered":"<p>Sage comme une M\u00e9nine de V\u00e9lasquez, La Sagine baisse la t\u00eate sous son cadre, Signora des perspectives d\u2019Aranjuez, Penchant son vertugadin qu\u2019une naine garde.<\/p>\n<p class=\"more-link-p\"><a class=\"more-link\" href=\"http:\/\/laplumedeloiseaulyre.com\/?page_id=7461\">Read more &rarr;<\/a><\/p>\n","protected":false},"author":1,"featured_media":0,"parent":0,"menu_order":0,"comment_status":"closed","ping_status":"closed","template":"","meta":{"spay_email":""},"jetpack_shortlink":"https:\/\/wp.me\/P4lzfC-1Wl","_links":{"self":[{"href":"http:\/\/laplumedeloiseaulyre.com\/index.php?rest_route=\/wp\/v2\/pages\/7461"}],"collection":[{"href":"http:\/\/laplumedeloiseaulyre.com\/index.php?rest_route=\/wp\/v2\/pages"}],"about":[{"href":"http:\/\/laplumedeloiseaulyre.com\/index.php?rest_route=\/wp\/v2\/types\/page"}],"author":[{"embeddable":true,"href":"http:\/\/laplumedeloiseaulyre.com\/index.php?rest_route=\/wp\/v2\/users\/1"}],"replies":[{"embeddable":true,"href":"http:\/\/laplumedeloiseaulyre.com\/index.php?rest_route=%2Fwp%2Fv2%2Fcomments&post=7461"}],"version-history":[{"count":2,"href":"http:\/\/laplumedeloiseaulyre.com\/index.php?rest_route=\/wp\/v2\/pages\/7461\/revisions"}],"predecessor-version":[{"id":13718,"href":"http:\/\/laplumedeloiseaulyre.com\/index.php?rest_route=\/wp\/v2\/pages\/7461\/revisions\/13718"}],"wp:attachment":[{"href":"http:\/\/laplumedeloiseaulyre.com\/index.php?rest_route=%2Fwp%2Fv2%2Fmedia&parent=7461"}],"curies":[{"name":"wp","href":"https:\/\/api.w.org\/{rel}","templated":true}]}}