{"id":7459,"date":"2018-03-02T23:30:47","date_gmt":"2018-03-02T23:30:47","guid":{"rendered":"http:\/\/laplumedeloiseaulyre.com\/?page_id=7459"},"modified":"2018-03-02T23:30:47","modified_gmt":"2018-03-02T23:30:47","slug":"safran-crocus-sativus","status":"publish","type":"page","link":"http:\/\/laplumedeloiseaulyre.com\/?page_id=7459","title":{"rendered":"SAFRAN Crocus sativus"},"content":{"rendered":"<p>Jardin de jeunesse a perdu beaut\u00e9.<br \/>\nGel\u00e9es et neiges l\u2019ont frip\u00e9 de froid,<br \/>\nSafran ne chante plus qu\u2019\u00e0 faible voix<br \/>\nLa floraison des rubans d\u00e9nou\u00e9s. <\/p>\n","protected":false},"excerpt":{"rendered":"<p>Jardin de jeunesse a perdu beaut\u00e9. Gel\u00e9es et neiges l\u2019ont frip\u00e9 de froid, Safran ne chante plus qu\u2019\u00e0 faible voix La floraison des rubans d\u00e9nou\u00e9s.<\/p>\n<p class=\"more-link-p\"><a class=\"more-link\" href=\"http:\/\/laplumedeloiseaulyre.com\/?page_id=7459\">Read more &rarr;<\/a><\/p>\n","protected":false},"author":1,"featured_media":0,"parent":0,"menu_order":0,"comment_status":"closed","ping_status":"closed","template":"","meta":{"spay_email":""},"jetpack_shortlink":"https:\/\/wp.me\/P4lzfC-1Wj","_links":{"self":[{"href":"http:\/\/laplumedeloiseaulyre.com\/index.php?rest_route=\/wp\/v2\/pages\/7459"}],"collection":[{"href":"http:\/\/laplumedeloiseaulyre.com\/index.php?rest_route=\/wp\/v2\/pages"}],"about":[{"href":"http:\/\/laplumedeloiseaulyre.com\/index.php?rest_route=\/wp\/v2\/types\/page"}],"author":[{"embeddable":true,"href":"http:\/\/laplumedeloiseaulyre.com\/index.php?rest_route=\/wp\/v2\/users\/1"}],"replies":[{"embeddable":true,"href":"http:\/\/laplumedeloiseaulyre.com\/index.php?rest_route=%2Fwp%2Fv2%2Fcomments&post=7459"}],"version-history":[{"count":1,"href":"http:\/\/laplumedeloiseaulyre.com\/index.php?rest_route=\/wp\/v2\/pages\/7459\/revisions"}],"predecessor-version":[{"id":7460,"href":"http:\/\/laplumedeloiseaulyre.com\/index.php?rest_route=\/wp\/v2\/pages\/7459\/revisions\/7460"}],"wp:attachment":[{"href":"http:\/\/laplumedeloiseaulyre.com\/index.php?rest_route=%2Fwp%2Fv2%2Fmedia&parent=7459"}],"curies":[{"name":"wp","href":"https:\/\/api.w.org\/{rel}","templated":true}]}}