{"id":7457,"date":"2018-03-02T23:30:04","date_gmt":"2018-03-02T23:30:04","guid":{"rendered":"http:\/\/laplumedeloiseaulyre.com\/?page_id=7457"},"modified":"2018-03-02T23:30:04","modified_gmt":"2018-03-02T23:30:04","slug":"sabot-de-venus-cypripedium-calceolus","status":"publish","type":"page","link":"http:\/\/laplumedeloiseaulyre.com\/?page_id=7457","title":{"rendered":"SABOT DE V\u00c9NUS Cypripedium calceolus"},"content":{"rendered":"<p>J\u2019aime entendre dans la nuit du silence<br \/>\nLes pas des Sabots de V\u00e9nus qui vont<br \/>\nEt viennent avec la m\u00eame cadence,<br \/>\nQuand tout dort autour sans aucun soup\u00e7on.<\/p>\n","protected":false},"excerpt":{"rendered":"<p>J\u2019aime entendre dans la nuit du silence Les pas des Sabots de V\u00e9nus qui vont Et viennent avec la m\u00eame cadence, Quand tout dort autour sans aucun soup\u00e7on.<\/p>\n<p class=\"more-link-p\"><a class=\"more-link\" href=\"http:\/\/laplumedeloiseaulyre.com\/?page_id=7457\">Read more &rarr;<\/a><\/p>\n","protected":false},"author":1,"featured_media":0,"parent":0,"menu_order":0,"comment_status":"closed","ping_status":"closed","template":"","meta":{"spay_email":""},"jetpack_shortlink":"https:\/\/wp.me\/P4lzfC-1Wh","_links":{"self":[{"href":"http:\/\/laplumedeloiseaulyre.com\/index.php?rest_route=\/wp\/v2\/pages\/7457"}],"collection":[{"href":"http:\/\/laplumedeloiseaulyre.com\/index.php?rest_route=\/wp\/v2\/pages"}],"about":[{"href":"http:\/\/laplumedeloiseaulyre.com\/index.php?rest_route=\/wp\/v2\/types\/page"}],"author":[{"embeddable":true,"href":"http:\/\/laplumedeloiseaulyre.com\/index.php?rest_route=\/wp\/v2\/users\/1"}],"replies":[{"embeddable":true,"href":"http:\/\/laplumedeloiseaulyre.com\/index.php?rest_route=%2Fwp%2Fv2%2Fcomments&post=7457"}],"version-history":[{"count":1,"href":"http:\/\/laplumedeloiseaulyre.com\/index.php?rest_route=\/wp\/v2\/pages\/7457\/revisions"}],"predecessor-version":[{"id":7458,"href":"http:\/\/laplumedeloiseaulyre.com\/index.php?rest_route=\/wp\/v2\/pages\/7457\/revisions\/7458"}],"wp:attachment":[{"href":"http:\/\/laplumedeloiseaulyre.com\/index.php?rest_route=%2Fwp%2Fv2%2Fmedia&parent=7457"}],"curies":[{"name":"wp","href":"https:\/\/api.w.org\/{rel}","templated":true}]}}