{"id":7455,"date":"2018-03-02T23:29:15","date_gmt":"2018-03-02T23:29:15","guid":{"rendered":"http:\/\/laplumedeloiseaulyre.com\/?page_id=7455"},"modified":"2018-03-02T23:29:15","modified_gmt":"2018-03-02T23:29:15","slug":"rue-ruta-graveolens","status":"publish","type":"page","link":"http:\/\/laplumedeloiseaulyre.com\/?page_id=7455","title":{"rendered":"RUE Ruta graveolens"},"content":{"rendered":"<p>Quand vais seulette en chemin de vertu<br \/>\nLa Rue sur mon passage s&rsquo;incline,<br \/>\nSachant les combats d&rsquo;amour \u00e9perdu<br \/>\nQue m\u00e8ne mon corps sourd qui d\u00e9cline.<\/p>\n","protected":false},"excerpt":{"rendered":"<p>Quand vais seulette en chemin de vertu La Rue sur mon passage s&rsquo;incline, Sachant les combats d&rsquo;amour \u00e9perdu Que m\u00e8ne mon corps sourd qui d\u00e9cline.<\/p>\n<p class=\"more-link-p\"><a class=\"more-link\" href=\"http:\/\/laplumedeloiseaulyre.com\/?page_id=7455\">Read more &rarr;<\/a><\/p>\n","protected":false},"author":1,"featured_media":0,"parent":0,"menu_order":0,"comment_status":"closed","ping_status":"closed","template":"","meta":{"spay_email":""},"jetpack_shortlink":"https:\/\/wp.me\/P4lzfC-1Wf","_links":{"self":[{"href":"http:\/\/laplumedeloiseaulyre.com\/index.php?rest_route=\/wp\/v2\/pages\/7455"}],"collection":[{"href":"http:\/\/laplumedeloiseaulyre.com\/index.php?rest_route=\/wp\/v2\/pages"}],"about":[{"href":"http:\/\/laplumedeloiseaulyre.com\/index.php?rest_route=\/wp\/v2\/types\/page"}],"author":[{"embeddable":true,"href":"http:\/\/laplumedeloiseaulyre.com\/index.php?rest_route=\/wp\/v2\/users\/1"}],"replies":[{"embeddable":true,"href":"http:\/\/laplumedeloiseaulyre.com\/index.php?rest_route=%2Fwp%2Fv2%2Fcomments&post=7455"}],"version-history":[{"count":1,"href":"http:\/\/laplumedeloiseaulyre.com\/index.php?rest_route=\/wp\/v2\/pages\/7455\/revisions"}],"predecessor-version":[{"id":7456,"href":"http:\/\/laplumedeloiseaulyre.com\/index.php?rest_route=\/wp\/v2\/pages\/7455\/revisions\/7456"}],"wp:attachment":[{"href":"http:\/\/laplumedeloiseaulyre.com\/index.php?rest_route=%2Fwp%2Fv2%2Fmedia&parent=7455"}],"curies":[{"name":"wp","href":"https:\/\/api.w.org\/{rel}","templated":true}]}}