{"id":7449,"date":"2018-03-02T23:26:28","date_gmt":"2018-03-02T23:26:28","guid":{"rendered":"http:\/\/laplumedeloiseaulyre.com\/?page_id=7449"},"modified":"2018-03-02T23:26:28","modified_gmt":"2018-03-02T23:26:28","slug":"roseau-phragmites-australis","status":"publish","type":"page","link":"http:\/\/laplumedeloiseaulyre.com\/?page_id=7449","title":{"rendered":"ROSEAU Phragmites australis"},"content":{"rendered":"<p>Pouvais-je donc pr\u00e9voir que mon orgueil<br \/>\nPloierait sous le v\u00f4tre comme Roseau ?<br \/>\nH\u00e9las, que savais-je d&rsquo;amour en deuil<br \/>\nSinon la symphonie de son ruisseau !<\/p>\n","protected":false},"excerpt":{"rendered":"<p>Pouvais-je donc pr\u00e9voir que mon orgueil Ploierait sous le v\u00f4tre comme Roseau ? H\u00e9las, que savais-je d&rsquo;amour en deuil Sinon la symphonie de son ruisseau !<\/p>\n<p class=\"more-link-p\"><a class=\"more-link\" href=\"http:\/\/laplumedeloiseaulyre.com\/?page_id=7449\">Read more &rarr;<\/a><\/p>\n","protected":false},"author":1,"featured_media":0,"parent":0,"menu_order":0,"comment_status":"closed","ping_status":"closed","template":"","meta":{"spay_email":""},"jetpack_shortlink":"https:\/\/wp.me\/P4lzfC-1W9","_links":{"self":[{"href":"http:\/\/laplumedeloiseaulyre.com\/index.php?rest_route=\/wp\/v2\/pages\/7449"}],"collection":[{"href":"http:\/\/laplumedeloiseaulyre.com\/index.php?rest_route=\/wp\/v2\/pages"}],"about":[{"href":"http:\/\/laplumedeloiseaulyre.com\/index.php?rest_route=\/wp\/v2\/types\/page"}],"author":[{"embeddable":true,"href":"http:\/\/laplumedeloiseaulyre.com\/index.php?rest_route=\/wp\/v2\/users\/1"}],"replies":[{"embeddable":true,"href":"http:\/\/laplumedeloiseaulyre.com\/index.php?rest_route=%2Fwp%2Fv2%2Fcomments&post=7449"}],"version-history":[{"count":1,"href":"http:\/\/laplumedeloiseaulyre.com\/index.php?rest_route=\/wp\/v2\/pages\/7449\/revisions"}],"predecessor-version":[{"id":7450,"href":"http:\/\/laplumedeloiseaulyre.com\/index.php?rest_route=\/wp\/v2\/pages\/7449\/revisions\/7450"}],"wp:attachment":[{"href":"http:\/\/laplumedeloiseaulyre.com\/index.php?rest_route=%2Fwp%2Fv2%2Fmedia&parent=7449"}],"curies":[{"name":"wp","href":"https:\/\/api.w.org\/{rel}","templated":true}]}}