{"id":7447,"date":"2018-03-02T23:25:27","date_gmt":"2018-03-02T23:25:27","guid":{"rendered":"http:\/\/laplumedeloiseaulyre.com\/?page_id=7447"},"modified":"2018-03-02T23:25:27","modified_gmt":"2018-03-02T23:25:27","slug":"rose-tremiere-alcea-rosea","status":"publish","type":"page","link":"http:\/\/laplumedeloiseaulyre.com\/?page_id=7447","title":{"rendered":"ROSE TR\u00c9MI\u00c8RE  Alcea rosea"},"content":{"rendered":"<p>Miss Primerose dans sa closerie<br \/>\nAimait redresser la Rose tr\u00e9mi\u00e8re<br \/>\nEsp\u00e9rant relever l\u2019espoir meurtri<br \/>\nQui s\u2019\u00e9tait effondr\u00e9 dans sa chaumi\u00e8re. <\/p>\n","protected":false},"excerpt":{"rendered":"<p>Miss Primerose dans sa closerie Aimait redresser la Rose tr\u00e9mi\u00e8re Esp\u00e9rant relever l\u2019espoir meurtri Qui s\u2019\u00e9tait effondr\u00e9 dans sa chaumi\u00e8re.<\/p>\n<p class=\"more-link-p\"><a class=\"more-link\" href=\"http:\/\/laplumedeloiseaulyre.com\/?page_id=7447\">Read more &rarr;<\/a><\/p>\n","protected":false},"author":1,"featured_media":0,"parent":0,"menu_order":0,"comment_status":"closed","ping_status":"closed","template":"","meta":{"spay_email":""},"jetpack_shortlink":"https:\/\/wp.me\/P4lzfC-1W7","_links":{"self":[{"href":"http:\/\/laplumedeloiseaulyre.com\/index.php?rest_route=\/wp\/v2\/pages\/7447"}],"collection":[{"href":"http:\/\/laplumedeloiseaulyre.com\/index.php?rest_route=\/wp\/v2\/pages"}],"about":[{"href":"http:\/\/laplumedeloiseaulyre.com\/index.php?rest_route=\/wp\/v2\/types\/page"}],"author":[{"embeddable":true,"href":"http:\/\/laplumedeloiseaulyre.com\/index.php?rest_route=\/wp\/v2\/users\/1"}],"replies":[{"embeddable":true,"href":"http:\/\/laplumedeloiseaulyre.com\/index.php?rest_route=%2Fwp%2Fv2%2Fcomments&post=7447"}],"version-history":[{"count":1,"href":"http:\/\/laplumedeloiseaulyre.com\/index.php?rest_route=\/wp\/v2\/pages\/7447\/revisions"}],"predecessor-version":[{"id":7448,"href":"http:\/\/laplumedeloiseaulyre.com\/index.php?rest_route=\/wp\/v2\/pages\/7447\/revisions\/7448"}],"wp:attachment":[{"href":"http:\/\/laplumedeloiseaulyre.com\/index.php?rest_route=%2Fwp%2Fv2%2Fmedia&parent=7447"}],"curies":[{"name":"wp","href":"https:\/\/api.w.org\/{rel}","templated":true}]}}