{"id":7439,"date":"2018-03-02T23:19:18","date_gmt":"2018-03-02T23:19:18","guid":{"rendered":"http:\/\/laplumedeloiseaulyre.com\/?page_id=7439"},"modified":"2022-03-17T15:53:41","modified_gmt":"2022-03-17T15:53:41","slug":"rose-rosa-gallica","status":"publish","type":"page","link":"http:\/\/laplumedeloiseaulyre.com\/?page_id=7439","title":{"rendered":"ROSE DE FRANCE Rosa gallica"},"content":{"rendered":"<p>Est-il vrai que vous voulez toujours vivre<br \/>\nRose qui ne durez qu&rsquo;un seul instant ?<br \/>\nMais restez \u00e9ph\u00e9m\u00e8re, pure et libre,<br \/>\nC&rsquo;est bien l\u00e0 votre charme tout-puissant.<\/p>\n","protected":false},"excerpt":{"rendered":"<p>Est-il vrai que vous voulez toujours vivre Rose qui ne durez qu&rsquo;un seul instant ? Mais restez \u00e9ph\u00e9m\u00e8re, pure et libre, C&rsquo;est bien l\u00e0 votre charme tout-puissant.<\/p>\n<p class=\"more-link-p\"><a class=\"more-link\" href=\"http:\/\/laplumedeloiseaulyre.com\/?page_id=7439\">Read more &rarr;<\/a><\/p>\n","protected":false},"author":1,"featured_media":0,"parent":0,"menu_order":0,"comment_status":"closed","ping_status":"closed","template":"","meta":{"spay_email":""},"jetpack_shortlink":"https:\/\/wp.me\/P4lzfC-1VZ","_links":{"self":[{"href":"http:\/\/laplumedeloiseaulyre.com\/index.php?rest_route=\/wp\/v2\/pages\/7439"}],"collection":[{"href":"http:\/\/laplumedeloiseaulyre.com\/index.php?rest_route=\/wp\/v2\/pages"}],"about":[{"href":"http:\/\/laplumedeloiseaulyre.com\/index.php?rest_route=\/wp\/v2\/types\/page"}],"author":[{"embeddable":true,"href":"http:\/\/laplumedeloiseaulyre.com\/index.php?rest_route=\/wp\/v2\/users\/1"}],"replies":[{"embeddable":true,"href":"http:\/\/laplumedeloiseaulyre.com\/index.php?rest_route=%2Fwp%2Fv2%2Fcomments&post=7439"}],"version-history":[{"count":4,"href":"http:\/\/laplumedeloiseaulyre.com\/index.php?rest_route=\/wp\/v2\/pages\/7439\/revisions"}],"predecessor-version":[{"id":13782,"href":"http:\/\/laplumedeloiseaulyre.com\/index.php?rest_route=\/wp\/v2\/pages\/7439\/revisions\/13782"}],"wp:attachment":[{"href":"http:\/\/laplumedeloiseaulyre.com\/index.php?rest_route=%2Fwp%2Fv2%2Fmedia&parent=7439"}],"curies":[{"name":"wp","href":"https:\/\/api.w.org\/{rel}","templated":true}]}}