{"id":7435,"date":"2018-03-02T23:15:21","date_gmt":"2018-03-02T23:15:21","guid":{"rendered":"http:\/\/laplumedeloiseaulyre.com\/?page_id=7435"},"modified":"2018-03-02T23:15:21","modified_gmt":"2018-03-02T23:15:21","slug":"ronce-rubus-fruticosus","status":"publish","type":"page","link":"http:\/\/laplumedeloiseaulyre.com\/?page_id=7435","title":{"rendered":"RONCE Rubus fruticosus"},"content":{"rendered":"<p>Ronce fut cr\u00e9\u00e9e pour faire souffrir<br \/>\nEt qu&rsquo;elle souffre de ses propres maux :<br \/>\nL&rsquo;\u00e9pine drue qu&rsquo;elle enfonce et retire<br \/>\nEn blessant l&rsquo;autre, lui arrache peau.<\/p>\n","protected":false},"excerpt":{"rendered":"<p>Ronce fut cr\u00e9\u00e9e pour faire souffrir Et qu&rsquo;elle souffre de ses propres maux : L&rsquo;\u00e9pine drue qu&rsquo;elle enfonce et retire En blessant l&rsquo;autre, lui arrache peau.<\/p>\n<p class=\"more-link-p\"><a class=\"more-link\" href=\"http:\/\/laplumedeloiseaulyre.com\/?page_id=7435\">Read more &rarr;<\/a><\/p>\n","protected":false},"author":1,"featured_media":0,"parent":0,"menu_order":0,"comment_status":"closed","ping_status":"closed","template":"","meta":{"spay_email":""},"jetpack_shortlink":"https:\/\/wp.me\/P4lzfC-1VV","_links":{"self":[{"href":"http:\/\/laplumedeloiseaulyre.com\/index.php?rest_route=\/wp\/v2\/pages\/7435"}],"collection":[{"href":"http:\/\/laplumedeloiseaulyre.com\/index.php?rest_route=\/wp\/v2\/pages"}],"about":[{"href":"http:\/\/laplumedeloiseaulyre.com\/index.php?rest_route=\/wp\/v2\/types\/page"}],"author":[{"embeddable":true,"href":"http:\/\/laplumedeloiseaulyre.com\/index.php?rest_route=\/wp\/v2\/users\/1"}],"replies":[{"embeddable":true,"href":"http:\/\/laplumedeloiseaulyre.com\/index.php?rest_route=%2Fwp%2Fv2%2Fcomments&post=7435"}],"version-history":[{"count":1,"href":"http:\/\/laplumedeloiseaulyre.com\/index.php?rest_route=\/wp\/v2\/pages\/7435\/revisions"}],"predecessor-version":[{"id":7436,"href":"http:\/\/laplumedeloiseaulyre.com\/index.php?rest_route=\/wp\/v2\/pages\/7435\/revisions\/7436"}],"wp:attachment":[{"href":"http:\/\/laplumedeloiseaulyre.com\/index.php?rest_route=%2Fwp%2Fv2%2Fmedia&parent=7435"}],"curies":[{"name":"wp","href":"https:\/\/api.w.org\/{rel}","templated":true}]}}