{"id":7433,"date":"2018-03-02T23:14:15","date_gmt":"2018-03-02T23:14:15","guid":{"rendered":"http:\/\/laplumedeloiseaulyre.com\/?page_id=7433"},"modified":"2018-03-02T23:14:15","modified_gmt":"2018-03-02T23:14:15","slug":"romarin-rosmarinus-officinalis","status":"publish","type":"page","link":"http:\/\/laplumedeloiseaulyre.com\/?page_id=7433","title":{"rendered":"ROMARIN Rosmarinus officinalis"},"content":{"rendered":"<p>Romarin porte en ses veines s\u00e8ches<br \/>\nLa ligne de nos destins inconscients,<br \/>\nCouronne-moi, ceins-moi de fleurs fra\u00eeches<br \/>\n\u00c0 l\u2019aube d\u2019antan, au bleu renaissant. <\/p>\n","protected":false},"excerpt":{"rendered":"<p>Romarin porte en ses veines s\u00e8ches La ligne de nos destins inconscients, Couronne-moi, ceins-moi de fleurs fra\u00eeches \u00c0 l\u2019aube d\u2019antan, au bleu renaissant.<\/p>\n<p class=\"more-link-p\"><a class=\"more-link\" href=\"http:\/\/laplumedeloiseaulyre.com\/?page_id=7433\">Read more &rarr;<\/a><\/p>\n","protected":false},"author":1,"featured_media":0,"parent":0,"menu_order":0,"comment_status":"closed","ping_status":"closed","template":"","meta":{"spay_email":""},"jetpack_shortlink":"https:\/\/wp.me\/P4lzfC-1VT","_links":{"self":[{"href":"http:\/\/laplumedeloiseaulyre.com\/index.php?rest_route=\/wp\/v2\/pages\/7433"}],"collection":[{"href":"http:\/\/laplumedeloiseaulyre.com\/index.php?rest_route=\/wp\/v2\/pages"}],"about":[{"href":"http:\/\/laplumedeloiseaulyre.com\/index.php?rest_route=\/wp\/v2\/types\/page"}],"author":[{"embeddable":true,"href":"http:\/\/laplumedeloiseaulyre.com\/index.php?rest_route=\/wp\/v2\/users\/1"}],"replies":[{"embeddable":true,"href":"http:\/\/laplumedeloiseaulyre.com\/index.php?rest_route=%2Fwp%2Fv2%2Fcomments&post=7433"}],"version-history":[{"count":1,"href":"http:\/\/laplumedeloiseaulyre.com\/index.php?rest_route=\/wp\/v2\/pages\/7433\/revisions"}],"predecessor-version":[{"id":7434,"href":"http:\/\/laplumedeloiseaulyre.com\/index.php?rest_route=\/wp\/v2\/pages\/7433\/revisions\/7434"}],"wp:attachment":[{"href":"http:\/\/laplumedeloiseaulyre.com\/index.php?rest_route=%2Fwp%2Fv2%2Fmedia&parent=7433"}],"curies":[{"name":"wp","href":"https:\/\/api.w.org\/{rel}","templated":true}]}}