{"id":7431,"date":"2018-03-02T23:13:19","date_gmt":"2018-03-02T23:13:19","guid":{"rendered":"http:\/\/laplumedeloiseaulyre.com\/?page_id=7431"},"modified":"2021-05-02T22:57:52","modified_gmt":"2021-05-02T22:57:52","slug":"robinier-robinia-pseudoacacia","status":"publish","type":"page","link":"http:\/\/laplumedeloiseaulyre.com\/?page_id=7431","title":{"rendered":"ROBINIER Robinia pseudoacacia"},"content":{"rendered":"<p>Ma mie, va, les hommes sont tous les m\u00eames !<br \/>\nNe t\u2019\u00e9tonne pas plus du Robinier<br \/>\nQue de leurs promesses embarrass\u00e9es<br \/>\nTombant en grappes caduques et bl\u00eames !<\/p>\n","protected":false},"excerpt":{"rendered":"<p>Ma mie, va, les hommes sont tous les m\u00eames ! Ne t\u2019\u00e9tonne pas plus du Robinier Que de leurs promesses embarrass\u00e9es Tombant en grappes caduques et bl\u00eames !<\/p>\n<p class=\"more-link-p\"><a class=\"more-link\" href=\"http:\/\/laplumedeloiseaulyre.com\/?page_id=7431\">Read more &rarr;<\/a><\/p>\n","protected":false},"author":1,"featured_media":0,"parent":0,"menu_order":0,"comment_status":"closed","ping_status":"closed","template":"","meta":{"spay_email":""},"jetpack_shortlink":"https:\/\/wp.me\/P4lzfC-1VR","_links":{"self":[{"href":"http:\/\/laplumedeloiseaulyre.com\/index.php?rest_route=\/wp\/v2\/pages\/7431"}],"collection":[{"href":"http:\/\/laplumedeloiseaulyre.com\/index.php?rest_route=\/wp\/v2\/pages"}],"about":[{"href":"http:\/\/laplumedeloiseaulyre.com\/index.php?rest_route=\/wp\/v2\/types\/page"}],"author":[{"embeddable":true,"href":"http:\/\/laplumedeloiseaulyre.com\/index.php?rest_route=\/wp\/v2\/users\/1"}],"replies":[{"embeddable":true,"href":"http:\/\/laplumedeloiseaulyre.com\/index.php?rest_route=%2Fwp%2Fv2%2Fcomments&post=7431"}],"version-history":[{"count":2,"href":"http:\/\/laplumedeloiseaulyre.com\/index.php?rest_route=\/wp\/v2\/pages\/7431\/revisions"}],"predecessor-version":[{"id":12131,"href":"http:\/\/laplumedeloiseaulyre.com\/index.php?rest_route=\/wp\/v2\/pages\/7431\/revisions\/12131"}],"wp:attachment":[{"href":"http:\/\/laplumedeloiseaulyre.com\/index.php?rest_route=%2Fwp%2Fv2%2Fmedia&parent=7431"}],"curies":[{"name":"wp","href":"https:\/\/api.w.org\/{rel}","templated":true}]}}