{"id":7427,"date":"2018-03-02T23:11:38","date_gmt":"2018-03-02T23:11:38","guid":{"rendered":"http:\/\/laplumedeloiseaulyre.com\/?page_id=7427"},"modified":"2018-03-02T23:11:38","modified_gmt":"2018-03-02T23:11:38","slug":"ricin-sanguin-ricinus-communis","status":"publish","type":"page","link":"http:\/\/laplumedeloiseaulyre.com\/?page_id=7427","title":{"rendered":"RICIN SANGUIN Ricinus communis"},"content":{"rendered":"<p>N\u2019oublie pas qui souffre et se d\u00e9sole<br \/>\nSous le Ricin r\u00e9pandant son baume,<br \/>\n\u00d4 toi qui blesse d\u2019une parole<br \/>\nEt gu\u00e9rit en sacrifiant ta paume.<\/p>\n","protected":false},"excerpt":{"rendered":"<p>N\u2019oublie pas qui souffre et se d\u00e9sole Sous le Ricin r\u00e9pandant son baume, \u00d4 toi qui blesse d\u2019une parole Et gu\u00e9rit en sacrifiant ta paume.<\/p>\n<p class=\"more-link-p\"><a class=\"more-link\" href=\"http:\/\/laplumedeloiseaulyre.com\/?page_id=7427\">Read more &rarr;<\/a><\/p>\n","protected":false},"author":1,"featured_media":0,"parent":0,"menu_order":0,"comment_status":"closed","ping_status":"closed","template":"","meta":{"spay_email":""},"jetpack_shortlink":"https:\/\/wp.me\/P4lzfC-1VN","_links":{"self":[{"href":"http:\/\/laplumedeloiseaulyre.com\/index.php?rest_route=\/wp\/v2\/pages\/7427"}],"collection":[{"href":"http:\/\/laplumedeloiseaulyre.com\/index.php?rest_route=\/wp\/v2\/pages"}],"about":[{"href":"http:\/\/laplumedeloiseaulyre.com\/index.php?rest_route=\/wp\/v2\/types\/page"}],"author":[{"embeddable":true,"href":"http:\/\/laplumedeloiseaulyre.com\/index.php?rest_route=\/wp\/v2\/users\/1"}],"replies":[{"embeddable":true,"href":"http:\/\/laplumedeloiseaulyre.com\/index.php?rest_route=%2Fwp%2Fv2%2Fcomments&post=7427"}],"version-history":[{"count":1,"href":"http:\/\/laplumedeloiseaulyre.com\/index.php?rest_route=\/wp\/v2\/pages\/7427\/revisions"}],"predecessor-version":[{"id":7428,"href":"http:\/\/laplumedeloiseaulyre.com\/index.php?rest_route=\/wp\/v2\/pages\/7427\/revisions\/7428"}],"wp:attachment":[{"href":"http:\/\/laplumedeloiseaulyre.com\/index.php?rest_route=%2Fwp%2Fv2%2Fmedia&parent=7427"}],"curies":[{"name":"wp","href":"https:\/\/api.w.org\/{rel}","templated":true}]}}