{"id":7420,"date":"2018-03-02T23:08:56","date_gmt":"2018-03-02T23:08:56","guid":{"rendered":"http:\/\/laplumedeloiseaulyre.com\/?page_id=7420"},"modified":"2022-03-17T15:45:26","modified_gmt":"2022-03-17T15:45:26","slug":"rhinanthe-rhinanthus-alectorolophus","status":"publish","type":"page","link":"http:\/\/laplumedeloiseaulyre.com\/?page_id=7420","title":{"rendered":"RHINANTHE Rhinanthus alectorolophus"},"content":{"rendered":"<p>Avec son grand nez crochu de cartomancien<br \/>\nLe Rhinanthe fait fr\u00e9mir les rhinoc\u00e9ros<br \/>\nSurtout quand il sort des cartes de magicien<br \/>\nDe ses narines aussi velues que f\u00e9roces.<\/p>\n","protected":false},"excerpt":{"rendered":"<p>Avec son grand nez crochu de cartomancien Le Rhinanthe fait fr\u00e9mir les rhinoc\u00e9ros Surtout quand il sort des cartes de magicien De ses narines aussi velues que f\u00e9roces.<\/p>\n<p class=\"more-link-p\"><a class=\"more-link\" href=\"http:\/\/laplumedeloiseaulyre.com\/?page_id=7420\">Read more &rarr;<\/a><\/p>\n","protected":false},"author":1,"featured_media":0,"parent":0,"menu_order":0,"comment_status":"closed","ping_status":"closed","template":"","meta":{"spay_email":""},"jetpack_shortlink":"https:\/\/wp.me\/P4lzfC-1VG","_links":{"self":[{"href":"http:\/\/laplumedeloiseaulyre.com\/index.php?rest_route=\/wp\/v2\/pages\/7420"}],"collection":[{"href":"http:\/\/laplumedeloiseaulyre.com\/index.php?rest_route=\/wp\/v2\/pages"}],"about":[{"href":"http:\/\/laplumedeloiseaulyre.com\/index.php?rest_route=\/wp\/v2\/types\/page"}],"author":[{"embeddable":true,"href":"http:\/\/laplumedeloiseaulyre.com\/index.php?rest_route=\/wp\/v2\/users\/1"}],"replies":[{"embeddable":true,"href":"http:\/\/laplumedeloiseaulyre.com\/index.php?rest_route=%2Fwp%2Fv2%2Fcomments&post=7420"}],"version-history":[{"count":2,"href":"http:\/\/laplumedeloiseaulyre.com\/index.php?rest_route=\/wp\/v2\/pages\/7420\/revisions"}],"predecessor-version":[{"id":13779,"href":"http:\/\/laplumedeloiseaulyre.com\/index.php?rest_route=\/wp\/v2\/pages\/7420\/revisions\/13779"}],"wp:attachment":[{"href":"http:\/\/laplumedeloiseaulyre.com\/index.php?rest_route=%2Fwp%2Fv2%2Fmedia&parent=7420"}],"curies":[{"name":"wp","href":"https:\/\/api.w.org\/{rel}","templated":true}]}}