{"id":7412,"date":"2018-03-02T23:05:48","date_gmt":"2018-03-02T23:05:48","guid":{"rendered":"http:\/\/laplumedeloiseaulyre.com\/?page_id=7412"},"modified":"2021-05-02T22:52:33","modified_gmt":"2021-05-02T22:52:33","slug":"reine-des-pres-filipendula-ulmaria","status":"publish","type":"page","link":"http:\/\/laplumedeloiseaulyre.com\/?page_id=7412","title":{"rendered":"REINE-DES-PR\u00c9S Filipendula ulmaria"},"content":{"rendered":"<p>Il n&rsquo;y a pas de plus juste place<br \/>\nQue de pouvoir loger en tes laudes,<br \/>\nReine-des-Pr\u00e9s, tsarine qui passe<br \/>\nEt d\u00e9clame \u00e0 l&rsquo;alpage son ode.<\/p>\n","protected":false},"excerpt":{"rendered":"<p>Il n&rsquo;y a pas de plus juste place Que de pouvoir loger en tes laudes, Reine-des-Pr\u00e9s, tsarine qui passe Et d\u00e9clame \u00e0 l&rsquo;alpage son ode.<\/p>\n<p class=\"more-link-p\"><a class=\"more-link\" href=\"http:\/\/laplumedeloiseaulyre.com\/?page_id=7412\">Read more &rarr;<\/a><\/p>\n","protected":false},"author":1,"featured_media":0,"parent":0,"menu_order":0,"comment_status":"closed","ping_status":"closed","template":"","meta":{"spay_email":""},"jetpack_shortlink":"https:\/\/wp.me\/P4lzfC-1Vy","_links":{"self":[{"href":"http:\/\/laplumedeloiseaulyre.com\/index.php?rest_route=\/wp\/v2\/pages\/7412"}],"collection":[{"href":"http:\/\/laplumedeloiseaulyre.com\/index.php?rest_route=\/wp\/v2\/pages"}],"about":[{"href":"http:\/\/laplumedeloiseaulyre.com\/index.php?rest_route=\/wp\/v2\/types\/page"}],"author":[{"embeddable":true,"href":"http:\/\/laplumedeloiseaulyre.com\/index.php?rest_route=\/wp\/v2\/users\/1"}],"replies":[{"embeddable":true,"href":"http:\/\/laplumedeloiseaulyre.com\/index.php?rest_route=%2Fwp%2Fv2%2Fcomments&post=7412"}],"version-history":[{"count":2,"href":"http:\/\/laplumedeloiseaulyre.com\/index.php?rest_route=\/wp\/v2\/pages\/7412\/revisions"}],"predecessor-version":[{"id":12129,"href":"http:\/\/laplumedeloiseaulyre.com\/index.php?rest_route=\/wp\/v2\/pages\/7412\/revisions\/12129"}],"wp:attachment":[{"href":"http:\/\/laplumedeloiseaulyre.com\/index.php?rest_route=%2Fwp%2Fv2%2Fmedia&parent=7412"}],"curies":[{"name":"wp","href":"https:\/\/api.w.org\/{rel}","templated":true}]}}