{"id":7405,"date":"2018-03-02T22:58:35","date_gmt":"2018-03-02T22:58:35","guid":{"rendered":"http:\/\/laplumedeloiseaulyre.com\/?page_id=7405"},"modified":"2022-02-25T01:21:08","modified_gmt":"2022-02-25T01:21:08","slug":"ravenelle-raphanus-raphanistrum","status":"publish","type":"page","link":"http:\/\/laplumedeloiseaulyre.com\/?page_id=7405","title":{"rendered":"RAVENELLE Raphanus raphanistrum"},"content":{"rendered":"<p>La voil\u00e0 la blanche et douce hermine,<br \/>\nVive la Ravenelle et l&rsquo;hiver,<br \/>\nLa voil\u00e0 l&rsquo;adventice \u00e9chevine<br \/>\nSortant ses griffes de crucif\u00e8re !<\/p>\n","protected":false},"excerpt":{"rendered":"<p>La voil\u00e0 la blanche et douce hermine, Vive la Ravenelle et l&rsquo;hiver, La voil\u00e0 l&rsquo;adventice \u00e9chevine Sortant ses griffes de crucif\u00e8re !<\/p>\n<p class=\"more-link-p\"><a class=\"more-link\" href=\"http:\/\/laplumedeloiseaulyre.com\/?page_id=7405\">Read more &rarr;<\/a><\/p>\n","protected":false},"author":1,"featured_media":0,"parent":0,"menu_order":0,"comment_status":"closed","ping_status":"closed","template":"","meta":{"spay_email":""},"jetpack_shortlink":"https:\/\/wp.me\/P4lzfC-1Vr","_links":{"self":[{"href":"http:\/\/laplumedeloiseaulyre.com\/index.php?rest_route=\/wp\/v2\/pages\/7405"}],"collection":[{"href":"http:\/\/laplumedeloiseaulyre.com\/index.php?rest_route=\/wp\/v2\/pages"}],"about":[{"href":"http:\/\/laplumedeloiseaulyre.com\/index.php?rest_route=\/wp\/v2\/types\/page"}],"author":[{"embeddable":true,"href":"http:\/\/laplumedeloiseaulyre.com\/index.php?rest_route=\/wp\/v2\/users\/1"}],"replies":[{"embeddable":true,"href":"http:\/\/laplumedeloiseaulyre.com\/index.php?rest_route=%2Fwp%2Fv2%2Fcomments&post=7405"}],"version-history":[{"count":2,"href":"http:\/\/laplumedeloiseaulyre.com\/index.php?rest_route=\/wp\/v2\/pages\/7405\/revisions"}],"predecessor-version":[{"id":13715,"href":"http:\/\/laplumedeloiseaulyre.com\/index.php?rest_route=\/wp\/v2\/pages\/7405\/revisions\/13715"}],"wp:attachment":[{"href":"http:\/\/laplumedeloiseaulyre.com\/index.php?rest_route=%2Fwp%2Fv2%2Fmedia&parent=7405"}],"curies":[{"name":"wp","href":"https:\/\/api.w.org\/{rel}","templated":true}]}}