{"id":7403,"date":"2018-03-02T22:56:57","date_gmt":"2018-03-02T22:56:57","guid":{"rendered":"http:\/\/laplumedeloiseaulyre.com\/?page_id=7403"},"modified":"2021-07-01T20:34:53","modified_gmt":"2021-07-01T20:34:53","slug":"raisin-damerique-phytolacca-americana","status":"publish","type":"page","link":"http:\/\/laplumedeloiseaulyre.com\/?page_id=7403","title":{"rendered":"RAISIN D\u2019AM\u00c9RIQUE Phytolacca americana"},"content":{"rendered":"<p>\u00c0 sa fen\u00eatre hant\u00e9e de Raisins d\u2019Am\u00e9rique<br \/>\nIl fume des pampres mauves de souvenirs,<br \/>\nVingt ann\u00e9es ont tress\u00e9 ses entretiens uniques<br \/>\nTap\u00e9s \u00e0 la machine encr\u00e9e pour l&rsquo;avenir.<\/p>\n","protected":false},"excerpt":{"rendered":"<p>\u00c0 sa fen\u00eatre hant\u00e9e de Raisins d\u2019Am\u00e9rique Il fume des pampres mauves de souvenirs, Vingt ann\u00e9es ont tress\u00e9 ses entretiens uniques Tap\u00e9s \u00e0 la machine encr\u00e9e pour l&rsquo;avenir.<\/p>\n<p class=\"more-link-p\"><a class=\"more-link\" href=\"http:\/\/laplumedeloiseaulyre.com\/?page_id=7403\">Read more &rarr;<\/a><\/p>\n","protected":false},"author":1,"featured_media":0,"parent":0,"menu_order":0,"comment_status":"closed","ping_status":"closed","template":"","meta":{"spay_email":""},"jetpack_shortlink":"https:\/\/wp.me\/P4lzfC-1Vp","_links":{"self":[{"href":"http:\/\/laplumedeloiseaulyre.com\/index.php?rest_route=\/wp\/v2\/pages\/7403"}],"collection":[{"href":"http:\/\/laplumedeloiseaulyre.com\/index.php?rest_route=\/wp\/v2\/pages"}],"about":[{"href":"http:\/\/laplumedeloiseaulyre.com\/index.php?rest_route=\/wp\/v2\/types\/page"}],"author":[{"embeddable":true,"href":"http:\/\/laplumedeloiseaulyre.com\/index.php?rest_route=\/wp\/v2\/users\/1"}],"replies":[{"embeddable":true,"href":"http:\/\/laplumedeloiseaulyre.com\/index.php?rest_route=%2Fwp%2Fv2%2Fcomments&post=7403"}],"version-history":[{"count":3,"href":"http:\/\/laplumedeloiseaulyre.com\/index.php?rest_route=\/wp\/v2\/pages\/7403\/revisions"}],"predecessor-version":[{"id":12471,"href":"http:\/\/laplumedeloiseaulyre.com\/index.php?rest_route=\/wp\/v2\/pages\/7403\/revisions\/12471"}],"wp:attachment":[{"href":"http:\/\/laplumedeloiseaulyre.com\/index.php?rest_route=%2Fwp%2Fv2%2Fmedia&parent=7403"}],"curies":[{"name":"wp","href":"https:\/\/api.w.org\/{rel}","templated":true}]}}