{"id":7393,"date":"2018-03-02T17:21:54","date_gmt":"2018-03-02T17:21:54","guid":{"rendered":"http:\/\/laplumedeloiseaulyre.com\/?page_id=7393"},"modified":"2018-03-02T17:21:54","modified_gmt":"2018-03-02T17:21:54","slug":"quinquina-cinchona-officinalis","status":"publish","type":"page","link":"http:\/\/laplumedeloiseaulyre.com\/?page_id=7393","title":{"rendered":"QUINQUINA Cinchona officinalis"},"content":{"rendered":"<p>\u00d4 Quinquina, \u00e9corce qui d\u00e9crispe,<br \/>\nOn puise en tes veines l&rsquo;anesth\u00e9sie,<br \/>\nTu calmes de ta main les nerfs contrits :<br \/>\nSens et sensations en toi se dissipent.<\/p>\n","protected":false},"excerpt":{"rendered":"<p>\u00d4 Quinquina, \u00e9corce qui d\u00e9crispe, On puise en tes veines l&rsquo;anesth\u00e9sie, Tu calmes de ta main les nerfs contrits : Sens et sensations en toi se dissipent.<\/p>\n<p class=\"more-link-p\"><a class=\"more-link\" href=\"http:\/\/laplumedeloiseaulyre.com\/?page_id=7393\">Read more &rarr;<\/a><\/p>\n","protected":false},"author":1,"featured_media":0,"parent":0,"menu_order":0,"comment_status":"closed","ping_status":"closed","template":"","meta":{"spay_email":""},"jetpack_shortlink":"https:\/\/wp.me\/P4lzfC-1Vf","_links":{"self":[{"href":"http:\/\/laplumedeloiseaulyre.com\/index.php?rest_route=\/wp\/v2\/pages\/7393"}],"collection":[{"href":"http:\/\/laplumedeloiseaulyre.com\/index.php?rest_route=\/wp\/v2\/pages"}],"about":[{"href":"http:\/\/laplumedeloiseaulyre.com\/index.php?rest_route=\/wp\/v2\/types\/page"}],"author":[{"embeddable":true,"href":"http:\/\/laplumedeloiseaulyre.com\/index.php?rest_route=\/wp\/v2\/users\/1"}],"replies":[{"embeddable":true,"href":"http:\/\/laplumedeloiseaulyre.com\/index.php?rest_route=%2Fwp%2Fv2%2Fcomments&post=7393"}],"version-history":[{"count":1,"href":"http:\/\/laplumedeloiseaulyre.com\/index.php?rest_route=\/wp\/v2\/pages\/7393\/revisions"}],"predecessor-version":[{"id":7394,"href":"http:\/\/laplumedeloiseaulyre.com\/index.php?rest_route=\/wp\/v2\/pages\/7393\/revisions\/7394"}],"wp:attachment":[{"href":"http:\/\/laplumedeloiseaulyre.com\/index.php?rest_route=%2Fwp%2Fv2%2Fmedia&parent=7393"}],"curies":[{"name":"wp","href":"https:\/\/api.w.org\/{rel}","templated":true}]}}