{"id":7388,"date":"2018-03-02T17:16:51","date_gmt":"2018-03-02T17:16:51","guid":{"rendered":"http:\/\/laplumedeloiseaulyre.com\/?page_id=7388"},"modified":"2018-03-02T17:17:18","modified_gmt":"2018-03-02T17:17:18","slug":"quenouille-typha-latifolia","status":"publish","type":"page","link":"http:\/\/laplumedeloiseaulyre.com\/?page_id=7388","title":{"rendered":"QUENOUILLE Typha latifolia"},"content":{"rendered":"<p>Isaure \u00e0 sa Quenouille trame des dessins<br \/>\nDe marmousets, de f\u00e9es et de croquemitaines,<br \/>\nManiant plumes et crayons comme alexandrins<br \/>\nAvec un geste musical de ch\u00e2telaine.<\/p>\n","protected":false},"excerpt":{"rendered":"<p>Isaure \u00e0 sa Quenouille trame des dessins De marmousets, de f\u00e9es et de croquemitaines, Maniant plumes et crayons comme alexandrins Avec un geste musical de ch\u00e2telaine.<\/p>\n<p class=\"more-link-p\"><a class=\"more-link\" href=\"http:\/\/laplumedeloiseaulyre.com\/?page_id=7388\">Read more &rarr;<\/a><\/p>\n","protected":false},"author":1,"featured_media":0,"parent":0,"menu_order":0,"comment_status":"closed","ping_status":"closed","template":"","meta":{"spay_email":""},"jetpack_shortlink":"https:\/\/wp.me\/P4lzfC-1Va","_links":{"self":[{"href":"http:\/\/laplumedeloiseaulyre.com\/index.php?rest_route=\/wp\/v2\/pages\/7388"}],"collection":[{"href":"http:\/\/laplumedeloiseaulyre.com\/index.php?rest_route=\/wp\/v2\/pages"}],"about":[{"href":"http:\/\/laplumedeloiseaulyre.com\/index.php?rest_route=\/wp\/v2\/types\/page"}],"author":[{"embeddable":true,"href":"http:\/\/laplumedeloiseaulyre.com\/index.php?rest_route=\/wp\/v2\/users\/1"}],"replies":[{"embeddable":true,"href":"http:\/\/laplumedeloiseaulyre.com\/index.php?rest_route=%2Fwp%2Fv2%2Fcomments&post=7388"}],"version-history":[{"count":1,"href":"http:\/\/laplumedeloiseaulyre.com\/index.php?rest_route=\/wp\/v2\/pages\/7388\/revisions"}],"predecessor-version":[{"id":7389,"href":"http:\/\/laplumedeloiseaulyre.com\/index.php?rest_route=\/wp\/v2\/pages\/7388\/revisions\/7389"}],"wp:attachment":[{"href":"http:\/\/laplumedeloiseaulyre.com\/index.php?rest_route=%2Fwp%2Fv2%2Fmedia&parent=7388"}],"curies":[{"name":"wp","href":"https:\/\/api.w.org\/{rel}","templated":true}]}}