{"id":7386,"date":"2018-03-02T17:15:48","date_gmt":"2018-03-02T17:15:48","guid":{"rendered":"http:\/\/laplumedeloiseaulyre.com\/?page_id=7386"},"modified":"2022-01-30T23:30:21","modified_gmt":"2022-01-30T23:30:21","slug":"quassia-quassia-amara","status":"publish","type":"page","link":"http:\/\/laplumedeloiseaulyre.com\/?page_id=7386","title":{"rendered":"QUASSIA Quassia amara"},"content":{"rendered":"<p>\u00ab Tu es toute ma vie \u00bb me disait le Quassia,<br \/>\n\u00ab De mon serment je ne vois plus que les abysses \u00bb<br \/>\nR\u00e9pondis-je en me penchant sur le pr\u00e9cipice<br \/>\nDe nos c\u0153urs amers o\u00f9 l\u2019Amour jadis poussa.<\/p>\n","protected":false},"excerpt":{"rendered":"<p>\u00ab Tu es toute ma vie \u00bb me disait le Quassia, \u00ab De mon serment je ne vois plus que les abysses \u00bb R\u00e9pondis-je en me penchant sur le pr\u00e9cipice De nos c\u0153urs amers o\u00f9 l\u2019Amour jadis poussa.<\/p>\n<p class=\"more-link-p\"><a class=\"more-link\" href=\"http:\/\/laplumedeloiseaulyre.com\/?page_id=7386\">Read more &rarr;<\/a><\/p>\n","protected":false},"author":1,"featured_media":0,"parent":0,"menu_order":0,"comment_status":"closed","ping_status":"closed","template":"","meta":{"spay_email":""},"jetpack_shortlink":"https:\/\/wp.me\/P4lzfC-1V8","_links":{"self":[{"href":"http:\/\/laplumedeloiseaulyre.com\/index.php?rest_route=\/wp\/v2\/pages\/7386"}],"collection":[{"href":"http:\/\/laplumedeloiseaulyre.com\/index.php?rest_route=\/wp\/v2\/pages"}],"about":[{"href":"http:\/\/laplumedeloiseaulyre.com\/index.php?rest_route=\/wp\/v2\/types\/page"}],"author":[{"embeddable":true,"href":"http:\/\/laplumedeloiseaulyre.com\/index.php?rest_route=\/wp\/v2\/users\/1"}],"replies":[{"embeddable":true,"href":"http:\/\/laplumedeloiseaulyre.com\/index.php?rest_route=%2Fwp%2Fv2%2Fcomments&post=7386"}],"version-history":[{"count":2,"href":"http:\/\/laplumedeloiseaulyre.com\/index.php?rest_route=\/wp\/v2\/pages\/7386\/revisions"}],"predecessor-version":[{"id":13516,"href":"http:\/\/laplumedeloiseaulyre.com\/index.php?rest_route=\/wp\/v2\/pages\/7386\/revisions\/13516"}],"wp:attachment":[{"href":"http:\/\/laplumedeloiseaulyre.com\/index.php?rest_route=%2Fwp%2Fv2%2Fmedia&parent=7386"}],"curies":[{"name":"wp","href":"https:\/\/api.w.org\/{rel}","templated":true}]}}