{"id":7381,"date":"2018-03-02T17:12:44","date_gmt":"2018-03-02T17:12:44","guid":{"rendered":"http:\/\/laplumedeloiseaulyre.com\/?page_id=7381"},"modified":"2018-03-02T17:12:44","modified_gmt":"2018-03-02T17:12:44","slug":"pyrethre-tanacetum-cinerariifolium","status":"publish","type":"page","link":"http:\/\/laplumedeloiseaulyre.com\/?page_id=7381","title":{"rendered":"PYR\u00c8THRE Tanacetum cinerariifolium"},"content":{"rendered":"<p>Prince de Dalmatie montrant manteau radi\u00e9 ?<br \/>\nInsecticide qui va soutenir sa th\u00e8se ?<br \/>\nGrande camomille tuant nervosit\u00e9 ?<br \/>\nQui es-tu violent Pyr\u00e8thre entre parenth\u00e8ses ?<\/p>\n","protected":false},"excerpt":{"rendered":"<p>Prince de Dalmatie montrant manteau radi\u00e9 ? Insecticide qui va soutenir sa th\u00e8se ? Grande camomille tuant nervosit\u00e9 ? Qui es-tu violent Pyr\u00e8thre entre parenth\u00e8ses ?<\/p>\n<p class=\"more-link-p\"><a class=\"more-link\" href=\"http:\/\/laplumedeloiseaulyre.com\/?page_id=7381\">Read more &rarr;<\/a><\/p>\n","protected":false},"author":1,"featured_media":0,"parent":0,"menu_order":0,"comment_status":"closed","ping_status":"closed","template":"","meta":{"spay_email":""},"jetpack_shortlink":"https:\/\/wp.me\/P4lzfC-1V3","_links":{"self":[{"href":"http:\/\/laplumedeloiseaulyre.com\/index.php?rest_route=\/wp\/v2\/pages\/7381"}],"collection":[{"href":"http:\/\/laplumedeloiseaulyre.com\/index.php?rest_route=\/wp\/v2\/pages"}],"about":[{"href":"http:\/\/laplumedeloiseaulyre.com\/index.php?rest_route=\/wp\/v2\/types\/page"}],"author":[{"embeddable":true,"href":"http:\/\/laplumedeloiseaulyre.com\/index.php?rest_route=\/wp\/v2\/users\/1"}],"replies":[{"embeddable":true,"href":"http:\/\/laplumedeloiseaulyre.com\/index.php?rest_route=%2Fwp%2Fv2%2Fcomments&post=7381"}],"version-history":[{"count":1,"href":"http:\/\/laplumedeloiseaulyre.com\/index.php?rest_route=\/wp\/v2\/pages\/7381\/revisions"}],"predecessor-version":[{"id":7382,"href":"http:\/\/laplumedeloiseaulyre.com\/index.php?rest_route=\/wp\/v2\/pages\/7381\/revisions\/7382"}],"wp:attachment":[{"href":"http:\/\/laplumedeloiseaulyre.com\/index.php?rest_route=%2Fwp%2Fv2%2Fmedia&parent=7381"}],"curies":[{"name":"wp","href":"https:\/\/api.w.org\/{rel}","templated":true}]}}