{"id":7369,"date":"2018-03-02T17:07:45","date_gmt":"2018-03-02T17:07:45","guid":{"rendered":"http:\/\/laplumedeloiseaulyre.com\/?page_id=7369"},"modified":"2022-02-25T01:16:21","modified_gmt":"2022-02-25T01:16:21","slug":"prele-equisetum-arvense","status":"publish","type":"page","link":"http:\/\/laplumedeloiseaulyre.com\/?page_id=7369","title":{"rendered":"PR\u00caLE Equisetum arvense"},"content":{"rendered":"<p>Deux onagres galopent vers l&rsquo;\u00e9tang<br \/>\nDans les Pr\u00eales acides qui s&rsquo;\u00e9tiolent\u00a0:<br \/>\nLeur amour est impossible et pourtant<br \/>\nQuelle esp\u00e9rance absurde les affole\u00a0?<\/p>\n","protected":false},"excerpt":{"rendered":"<p>Deux onagres galopent vers l&rsquo;\u00e9tang Dans les Pr\u00eales acides qui s&rsquo;\u00e9tiolent\u00a0: Leur amour est impossible et pourtant Quelle esp\u00e9rance absurde les affole\u00a0?<\/p>\n<p class=\"more-link-p\"><a class=\"more-link\" href=\"http:\/\/laplumedeloiseaulyre.com\/?page_id=7369\">Read more &rarr;<\/a><\/p>\n","protected":false},"author":1,"featured_media":0,"parent":0,"menu_order":0,"comment_status":"closed","ping_status":"closed","template":"","meta":{"spay_email":""},"jetpack_shortlink":"https:\/\/wp.me\/P4lzfC-1UR","_links":{"self":[{"href":"http:\/\/laplumedeloiseaulyre.com\/index.php?rest_route=\/wp\/v2\/pages\/7369"}],"collection":[{"href":"http:\/\/laplumedeloiseaulyre.com\/index.php?rest_route=\/wp\/v2\/pages"}],"about":[{"href":"http:\/\/laplumedeloiseaulyre.com\/index.php?rest_route=\/wp\/v2\/types\/page"}],"author":[{"embeddable":true,"href":"http:\/\/laplumedeloiseaulyre.com\/index.php?rest_route=\/wp\/v2\/users\/1"}],"replies":[{"embeddable":true,"href":"http:\/\/laplumedeloiseaulyre.com\/index.php?rest_route=%2Fwp%2Fv2%2Fcomments&post=7369"}],"version-history":[{"count":2,"href":"http:\/\/laplumedeloiseaulyre.com\/index.php?rest_route=\/wp\/v2\/pages\/7369\/revisions"}],"predecessor-version":[{"id":13711,"href":"http:\/\/laplumedeloiseaulyre.com\/index.php?rest_route=\/wp\/v2\/pages\/7369\/revisions\/13711"}],"wp:attachment":[{"href":"http:\/\/laplumedeloiseaulyre.com\/index.php?rest_route=%2Fwp%2Fv2%2Fmedia&parent=7369"}],"curies":[{"name":"wp","href":"https:\/\/api.w.org\/{rel}","templated":true}]}}