{"id":7367,"date":"2018-03-02T17:06:50","date_gmt":"2018-03-02T17:06:50","guid":{"rendered":"http:\/\/laplumedeloiseaulyre.com\/?page_id=7367"},"modified":"2022-01-30T23:29:18","modified_gmt":"2022-01-30T23:29:18","slug":"pourpier-portulaca-oleracea","status":"publish","type":"page","link":"http:\/\/laplumedeloiseaulyre.com\/?page_id=7367","title":{"rendered":"POURPIER  Portulaca oleracea"},"content":{"rendered":"<p>De Sire Pourpier l\u2019on dira dans trois cent ans :<br \/>\n\u00ab Il nourrissait Louis XIV de ses fra\u00eecheurs,<br \/>\nFr\u00f4lant ses talons sang de b\u0153uf d\u2019un vert tentant,<br \/>\nHerbe de sant\u00e9 pour l\u2019auguste promeneur. <em>\u00bb<\/em><\/p>\n","protected":false},"excerpt":{"rendered":"<p>De Sire Pourpier l\u2019on dira dans trois cent ans : \u00ab Il nourrissait Louis XIV de ses fra\u00eecheurs, Fr\u00f4lant ses talons sang de b\u0153uf d\u2019un vert tentant, Herbe de sant\u00e9 pour l\u2019auguste promeneur. \u00bb<\/p>\n<p class=\"more-link-p\"><a class=\"more-link\" href=\"http:\/\/laplumedeloiseaulyre.com\/?page_id=7367\">Read more &rarr;<\/a><\/p>\n","protected":false},"author":1,"featured_media":0,"parent":0,"menu_order":0,"comment_status":"closed","ping_status":"closed","template":"","meta":{"spay_email":""},"jetpack_shortlink":"https:\/\/wp.me\/P4lzfC-1UP","_links":{"self":[{"href":"http:\/\/laplumedeloiseaulyre.com\/index.php?rest_route=\/wp\/v2\/pages\/7367"}],"collection":[{"href":"http:\/\/laplumedeloiseaulyre.com\/index.php?rest_route=\/wp\/v2\/pages"}],"about":[{"href":"http:\/\/laplumedeloiseaulyre.com\/index.php?rest_route=\/wp\/v2\/types\/page"}],"author":[{"embeddable":true,"href":"http:\/\/laplumedeloiseaulyre.com\/index.php?rest_route=\/wp\/v2\/users\/1"}],"replies":[{"embeddable":true,"href":"http:\/\/laplumedeloiseaulyre.com\/index.php?rest_route=%2Fwp%2Fv2%2Fcomments&post=7367"}],"version-history":[{"count":2,"href":"http:\/\/laplumedeloiseaulyre.com\/index.php?rest_route=\/wp\/v2\/pages\/7367\/revisions"}],"predecessor-version":[{"id":13515,"href":"http:\/\/laplumedeloiseaulyre.com\/index.php?rest_route=\/wp\/v2\/pages\/7367\/revisions\/13515"}],"wp:attachment":[{"href":"http:\/\/laplumedeloiseaulyre.com\/index.php?rest_route=%2Fwp%2Fv2%2Fmedia&parent=7367"}],"curies":[{"name":"wp","href":"https:\/\/api.w.org\/{rel}","templated":true}]}}