{"id":7352,"date":"2018-03-02T16:42:42","date_gmt":"2018-03-02T16:42:42","guid":{"rendered":"http:\/\/laplumedeloiseaulyre.com\/?page_id=7352"},"modified":"2021-03-26T14:43:19","modified_gmt":"2021-03-26T14:43:19","slug":"poivre-piper-nigrum","status":"publish","type":"page","link":"http:\/\/laplumedeloiseaulyre.com\/?page_id=7352","title":{"rendered":"POIVRE NOIR Piper nigrum"},"content":{"rendered":"<p>Poivre d\u2019Asie et sel occidental<br \/>\nSe jurent \u00e9ternelle fid\u00e9lit\u00e9<br \/>\nQuand il s\u2019agit d\u2019\u00eatre ensemble broy\u00e9s<br \/>\nPour la gloire d\u2019un d\u00e9jeuner banal.<\/p>\n","protected":false},"excerpt":{"rendered":"<p>Poivre d\u2019Asie et sel occidental Se jurent \u00e9ternelle fid\u00e9lit\u00e9 Quand il s\u2019agit d\u2019\u00eatre ensemble broy\u00e9s Pour la gloire d\u2019un d\u00e9jeuner banal.<\/p>\n<p class=\"more-link-p\"><a class=\"more-link\" href=\"http:\/\/laplumedeloiseaulyre.com\/?page_id=7352\">Read more &rarr;<\/a><\/p>\n","protected":false},"author":1,"featured_media":0,"parent":0,"menu_order":0,"comment_status":"closed","ping_status":"closed","template":"","meta":{"spay_email":""},"jetpack_shortlink":"https:\/\/wp.me\/P4lzfC-1UA","_links":{"self":[{"href":"http:\/\/laplumedeloiseaulyre.com\/index.php?rest_route=\/wp\/v2\/pages\/7352"}],"collection":[{"href":"http:\/\/laplumedeloiseaulyre.com\/index.php?rest_route=\/wp\/v2\/pages"}],"about":[{"href":"http:\/\/laplumedeloiseaulyre.com\/index.php?rest_route=\/wp\/v2\/types\/page"}],"author":[{"embeddable":true,"href":"http:\/\/laplumedeloiseaulyre.com\/index.php?rest_route=\/wp\/v2\/users\/1"}],"replies":[{"embeddable":true,"href":"http:\/\/laplumedeloiseaulyre.com\/index.php?rest_route=%2Fwp%2Fv2%2Fcomments&post=7352"}],"version-history":[{"count":2,"href":"http:\/\/laplumedeloiseaulyre.com\/index.php?rest_route=\/wp\/v2\/pages\/7352\/revisions"}],"predecessor-version":[{"id":11941,"href":"http:\/\/laplumedeloiseaulyre.com\/index.php?rest_route=\/wp\/v2\/pages\/7352\/revisions\/11941"}],"wp:attachment":[{"href":"http:\/\/laplumedeloiseaulyre.com\/index.php?rest_route=%2Fwp%2Fv2%2Fmedia&parent=7352"}],"curies":[{"name":"wp","href":"https:\/\/api.w.org\/{rel}","templated":true}]}}