{"id":7348,"date":"2018-03-02T16:40:38","date_gmt":"2018-03-02T16:40:38","guid":{"rendered":"http:\/\/laplumedeloiseaulyre.com\/?page_id=7348"},"modified":"2018-03-02T16:40:38","modified_gmt":"2018-03-02T16:40:38","slug":"pois-de-senteur-lathyrus-odoratus","status":"publish","type":"page","link":"http:\/\/laplumedeloiseaulyre.com\/?page_id=7348","title":{"rendered":"POIS DE SENTEUR Lathyrus odoratus"},"content":{"rendered":"<p>Non je n\u2019ai pu r\u00e9sister \u00e0 remettre<br \/>\nDans le papier priv\u00e9 de cette lettre<br \/>\nUn gai vertige de Pois de senteur.<br \/>\nAvez-vous re\u00e7u le don de mon c\u0153ur ? <\/p>\n","protected":false},"excerpt":{"rendered":"<p>Non je n\u2019ai pu r\u00e9sister \u00e0 remettre Dans le papier priv\u00e9 de cette lettre Un gai vertige de Pois de senteur. Avez-vous re\u00e7u le don de mon c\u0153ur ?<\/p>\n<p class=\"more-link-p\"><a class=\"more-link\" href=\"http:\/\/laplumedeloiseaulyre.com\/?page_id=7348\">Read more &rarr;<\/a><\/p>\n","protected":false},"author":1,"featured_media":0,"parent":0,"menu_order":0,"comment_status":"closed","ping_status":"closed","template":"","meta":{"spay_email":""},"jetpack_shortlink":"https:\/\/wp.me\/P4lzfC-1Uw","_links":{"self":[{"href":"http:\/\/laplumedeloiseaulyre.com\/index.php?rest_route=\/wp\/v2\/pages\/7348"}],"collection":[{"href":"http:\/\/laplumedeloiseaulyre.com\/index.php?rest_route=\/wp\/v2\/pages"}],"about":[{"href":"http:\/\/laplumedeloiseaulyre.com\/index.php?rest_route=\/wp\/v2\/types\/page"}],"author":[{"embeddable":true,"href":"http:\/\/laplumedeloiseaulyre.com\/index.php?rest_route=\/wp\/v2\/users\/1"}],"replies":[{"embeddable":true,"href":"http:\/\/laplumedeloiseaulyre.com\/index.php?rest_route=%2Fwp%2Fv2%2Fcomments&post=7348"}],"version-history":[{"count":1,"href":"http:\/\/laplumedeloiseaulyre.com\/index.php?rest_route=\/wp\/v2\/pages\/7348\/revisions"}],"predecessor-version":[{"id":7349,"href":"http:\/\/laplumedeloiseaulyre.com\/index.php?rest_route=\/wp\/v2\/pages\/7348\/revisions\/7349"}],"wp:attachment":[{"href":"http:\/\/laplumedeloiseaulyre.com\/index.php?rest_route=%2Fwp%2Fv2%2Fmedia&parent=7348"}],"curies":[{"name":"wp","href":"https:\/\/api.w.org\/{rel}","templated":true}]}}