{"id":7340,"date":"2018-03-02T16:36:30","date_gmt":"2018-03-02T16:36:30","guid":{"rendered":"http:\/\/laplumedeloiseaulyre.com\/?page_id=7340"},"modified":"2018-03-02T16:36:30","modified_gmt":"2018-03-02T16:36:30","slug":"poinsettia-euphorbia-pulcherrima","status":"publish","type":"page","link":"http:\/\/laplumedeloiseaulyre.com\/?page_id=7340","title":{"rendered":"POINSETTIA Euphorbia pulcherrima"},"content":{"rendered":"<p>Au conseil d\u2019administration des Poinsettias<br \/>\nSi\u00e8ge une flop\u00e9e de hannetons beaux-parleurs,<br \/>\nDes cafards qui \u00e2nonnent des galimatias,<br \/>\nAu fond, une rang\u00e9e de charan\u00e7ons ronfleurs. <\/p>\n","protected":false},"excerpt":{"rendered":"<p>Au conseil d\u2019administration des Poinsettias Si\u00e8ge une flop\u00e9e de hannetons beaux-parleurs, Des cafards qui \u00e2nonnent des galimatias, Au fond, une rang\u00e9e de charan\u00e7ons ronfleurs.<\/p>\n<p class=\"more-link-p\"><a class=\"more-link\" href=\"http:\/\/laplumedeloiseaulyre.com\/?page_id=7340\">Read more &rarr;<\/a><\/p>\n","protected":false},"author":1,"featured_media":0,"parent":0,"menu_order":0,"comment_status":"closed","ping_status":"closed","template":"","meta":{"spay_email":""},"jetpack_shortlink":"https:\/\/wp.me\/P4lzfC-1Uo","_links":{"self":[{"href":"http:\/\/laplumedeloiseaulyre.com\/index.php?rest_route=\/wp\/v2\/pages\/7340"}],"collection":[{"href":"http:\/\/laplumedeloiseaulyre.com\/index.php?rest_route=\/wp\/v2\/pages"}],"about":[{"href":"http:\/\/laplumedeloiseaulyre.com\/index.php?rest_route=\/wp\/v2\/types\/page"}],"author":[{"embeddable":true,"href":"http:\/\/laplumedeloiseaulyre.com\/index.php?rest_route=\/wp\/v2\/users\/1"}],"replies":[{"embeddable":true,"href":"http:\/\/laplumedeloiseaulyre.com\/index.php?rest_route=%2Fwp%2Fv2%2Fcomments&post=7340"}],"version-history":[{"count":1,"href":"http:\/\/laplumedeloiseaulyre.com\/index.php?rest_route=\/wp\/v2\/pages\/7340\/revisions"}],"predecessor-version":[{"id":7341,"href":"http:\/\/laplumedeloiseaulyre.com\/index.php?rest_route=\/wp\/v2\/pages\/7340\/revisions\/7341"}],"wp:attachment":[{"href":"http:\/\/laplumedeloiseaulyre.com\/index.php?rest_route=%2Fwp%2Fv2%2Fmedia&parent=7340"}],"curies":[{"name":"wp","href":"https:\/\/api.w.org\/{rel}","templated":true}]}}