{"id":7338,"date":"2018-03-02T16:35:54","date_gmt":"2018-03-02T16:35:54","guid":{"rendered":"http:\/\/laplumedeloiseaulyre.com\/?page_id=7338"},"modified":"2021-05-01T23:34:19","modified_gmt":"2021-05-01T23:34:19","slug":"podranea-podranea-ricasoliana","status":"publish","type":"page","link":"http:\/\/laplumedeloiseaulyre.com\/?page_id=7338","title":{"rendered":"PODRANEA Podranea ricasoliana"},"content":{"rendered":"<p>Telle Podranea met rose aux joues<br \/>\nSans pouvoir dissimuler ses haillons<br \/>\nJe reviens malgr\u00e9 moi sous votre joug,<br \/>\nRetournant \u00e0 vous, c\u0153ur lian\u00e9 de plomb.<\/p>\n","protected":false},"excerpt":{"rendered":"<p>Telle Podranea met rose aux joues Sans pouvoir dissimuler ses haillons Je reviens malgr\u00e9 moi sous votre joug, Retournant \u00e0 vous, c\u0153ur lian\u00e9 de plomb.<\/p>\n<p class=\"more-link-p\"><a class=\"more-link\" href=\"http:\/\/laplumedeloiseaulyre.com\/?page_id=7338\">Read more &rarr;<\/a><\/p>\n","protected":false},"author":1,"featured_media":0,"parent":0,"menu_order":0,"comment_status":"closed","ping_status":"closed","template":"","meta":{"spay_email":""},"jetpack_shortlink":"https:\/\/wp.me\/P4lzfC-1Um","_links":{"self":[{"href":"http:\/\/laplumedeloiseaulyre.com\/index.php?rest_route=\/wp\/v2\/pages\/7338"}],"collection":[{"href":"http:\/\/laplumedeloiseaulyre.com\/index.php?rest_route=\/wp\/v2\/pages"}],"about":[{"href":"http:\/\/laplumedeloiseaulyre.com\/index.php?rest_route=\/wp\/v2\/types\/page"}],"author":[{"embeddable":true,"href":"http:\/\/laplumedeloiseaulyre.com\/index.php?rest_route=\/wp\/v2\/users\/1"}],"replies":[{"embeddable":true,"href":"http:\/\/laplumedeloiseaulyre.com\/index.php?rest_route=%2Fwp%2Fv2%2Fcomments&post=7338"}],"version-history":[{"count":2,"href":"http:\/\/laplumedeloiseaulyre.com\/index.php?rest_route=\/wp\/v2\/pages\/7338\/revisions"}],"predecessor-version":[{"id":12127,"href":"http:\/\/laplumedeloiseaulyre.com\/index.php?rest_route=\/wp\/v2\/pages\/7338\/revisions\/12127"}],"wp:attachment":[{"href":"http:\/\/laplumedeloiseaulyre.com\/index.php?rest_route=%2Fwp%2Fv2%2Fmedia&parent=7338"}],"curies":[{"name":"wp","href":"https:\/\/api.w.org\/{rel}","templated":true}]}}