{"id":7334,"date":"2018-03-02T16:34:27","date_gmt":"2018-03-02T16:34:27","guid":{"rendered":"http:\/\/laplumedeloiseaulyre.com\/?page_id=7334"},"modified":"2018-03-02T16:34:27","modified_gmt":"2018-03-02T16:34:27","slug":"plumbago-plumbago-auriculata","status":"publish","type":"page","link":"http:\/\/laplumedeloiseaulyre.com\/?page_id=7334","title":{"rendered":"PLUMBAGO Plumbago auriculata"},"content":{"rendered":"<p>Indigo-berceau, fleur de nonchaloir,<br \/>\nAllons sous le Plumbago de qui\u00e9tude<br \/>\nTous deux dans la chaleur de son nichoir,<br \/>\nNa\u00eetre et rena\u00eetre aux aust\u00e8res \u00e9tudes.<\/p>\n","protected":false},"excerpt":{"rendered":"<p>Indigo-berceau, fleur de nonchaloir, Allons sous le Plumbago de qui\u00e9tude Tous deux dans la chaleur de son nichoir, Na\u00eetre et rena\u00eetre aux aust\u00e8res \u00e9tudes.<\/p>\n<p class=\"more-link-p\"><a class=\"more-link\" href=\"http:\/\/laplumedeloiseaulyre.com\/?page_id=7334\">Read more &rarr;<\/a><\/p>\n","protected":false},"author":1,"featured_media":0,"parent":0,"menu_order":0,"comment_status":"closed","ping_status":"closed","template":"","meta":{"spay_email":""},"jetpack_shortlink":"https:\/\/wp.me\/P4lzfC-1Ui","_links":{"self":[{"href":"http:\/\/laplumedeloiseaulyre.com\/index.php?rest_route=\/wp\/v2\/pages\/7334"}],"collection":[{"href":"http:\/\/laplumedeloiseaulyre.com\/index.php?rest_route=\/wp\/v2\/pages"}],"about":[{"href":"http:\/\/laplumedeloiseaulyre.com\/index.php?rest_route=\/wp\/v2\/types\/page"}],"author":[{"embeddable":true,"href":"http:\/\/laplumedeloiseaulyre.com\/index.php?rest_route=\/wp\/v2\/users\/1"}],"replies":[{"embeddable":true,"href":"http:\/\/laplumedeloiseaulyre.com\/index.php?rest_route=%2Fwp%2Fv2%2Fcomments&post=7334"}],"version-history":[{"count":1,"href":"http:\/\/laplumedeloiseaulyre.com\/index.php?rest_route=\/wp\/v2\/pages\/7334\/revisions"}],"predecessor-version":[{"id":7335,"href":"http:\/\/laplumedeloiseaulyre.com\/index.php?rest_route=\/wp\/v2\/pages\/7334\/revisions\/7335"}],"wp:attachment":[{"href":"http:\/\/laplumedeloiseaulyre.com\/index.php?rest_route=%2Fwp%2Fv2%2Fmedia&parent=7334"}],"curies":[{"name":"wp","href":"https:\/\/api.w.org\/{rel}","templated":true}]}}