{"id":7330,"date":"2018-03-02T16:32:59","date_gmt":"2018-03-02T16:32:59","guid":{"rendered":"http:\/\/laplumedeloiseaulyre.com\/?page_id=7330"},"modified":"2022-02-25T01:12:40","modified_gmt":"2022-02-25T01:12:40","slug":"platane-platanus-occidentalis","status":"publish","type":"page","link":"http:\/\/laplumedeloiseaulyre.com\/?page_id=7330","title":{"rendered":"PLATANE Platanus occidentalis"},"content":{"rendered":"<p>Platane, en ton sein l&rsquo;on a vers\u00e9 tant de pleurs,<br \/>\nL&rsquo;on a grav\u00e9 tant de serments et tant de leurres,<br \/>\nQue celui qui t&rsquo;\u00e9corcerait verrait mille \u00e2mes,<br \/>\nToi, blanc comme lumi\u00e8re, toi gris comme larme.<\/p>\n","protected":false},"excerpt":{"rendered":"<p>Platane, en ton sein l&rsquo;on a vers\u00e9 tant de pleurs, L&rsquo;on a grav\u00e9 tant de serments et tant de leurres, Que celui qui t&rsquo;\u00e9corcerait verrait mille \u00e2mes, Toi, blanc comme lumi\u00e8re, toi gris comme larme.<\/p>\n<p class=\"more-link-p\"><a class=\"more-link\" href=\"http:\/\/laplumedeloiseaulyre.com\/?page_id=7330\">Read more &rarr;<\/a><\/p>\n","protected":false},"author":1,"featured_media":0,"parent":0,"menu_order":0,"comment_status":"closed","ping_status":"closed","template":"","meta":{"spay_email":""},"jetpack_shortlink":"https:\/\/wp.me\/P4lzfC-1Ue","_links":{"self":[{"href":"http:\/\/laplumedeloiseaulyre.com\/index.php?rest_route=\/wp\/v2\/pages\/7330"}],"collection":[{"href":"http:\/\/laplumedeloiseaulyre.com\/index.php?rest_route=\/wp\/v2\/pages"}],"about":[{"href":"http:\/\/laplumedeloiseaulyre.com\/index.php?rest_route=\/wp\/v2\/types\/page"}],"author":[{"embeddable":true,"href":"http:\/\/laplumedeloiseaulyre.com\/index.php?rest_route=\/wp\/v2\/users\/1"}],"replies":[{"embeddable":true,"href":"http:\/\/laplumedeloiseaulyre.com\/index.php?rest_route=%2Fwp%2Fv2%2Fcomments&post=7330"}],"version-history":[{"count":5,"href":"http:\/\/laplumedeloiseaulyre.com\/index.php?rest_route=\/wp\/v2\/pages\/7330\/revisions"}],"predecessor-version":[{"id":13707,"href":"http:\/\/laplumedeloiseaulyre.com\/index.php?rest_route=\/wp\/v2\/pages\/7330\/revisions\/13707"}],"wp:attachment":[{"href":"http:\/\/laplumedeloiseaulyre.com\/index.php?rest_route=%2Fwp%2Fv2%2Fmedia&parent=7330"}],"curies":[{"name":"wp","href":"https:\/\/api.w.org\/{rel}","templated":true}]}}