{"id":7328,"date":"2018-03-02T16:32:16","date_gmt":"2018-03-02T16:32:16","guid":{"rendered":"http:\/\/laplumedeloiseaulyre.com\/?page_id=7328"},"modified":"2018-03-02T16:32:16","modified_gmt":"2018-03-02T16:32:16","slug":"plantain-plantago-lanceolata","status":"publish","type":"page","link":"http:\/\/laplumedeloiseaulyre.com\/?page_id=7328","title":{"rendered":"PLANTAIN Plantago lanceolata"},"content":{"rendered":"<p>Comme la lance obstin\u00e9e du Plantain<br \/>\nSe dresse et colonise le jardin<br \/>\nLa fl\u00e8che \u00e2pre de l\u2019Amour invincible<br \/>\nVa toujours plus ent\u00eat\u00e9e vers sa cible.<\/p>\n","protected":false},"excerpt":{"rendered":"<p>Comme la lance obstin\u00e9e du Plantain Se dresse et colonise le jardin La fl\u00e8che \u00e2pre de l\u2019Amour invincible Va toujours plus ent\u00eat\u00e9e vers sa cible.<\/p>\n<p class=\"more-link-p\"><a class=\"more-link\" href=\"http:\/\/laplumedeloiseaulyre.com\/?page_id=7328\">Read more &rarr;<\/a><\/p>\n","protected":false},"author":1,"featured_media":0,"parent":0,"menu_order":0,"comment_status":"closed","ping_status":"closed","template":"","meta":{"spay_email":""},"jetpack_shortlink":"https:\/\/wp.me\/P4lzfC-1Uc","_links":{"self":[{"href":"http:\/\/laplumedeloiseaulyre.com\/index.php?rest_route=\/wp\/v2\/pages\/7328"}],"collection":[{"href":"http:\/\/laplumedeloiseaulyre.com\/index.php?rest_route=\/wp\/v2\/pages"}],"about":[{"href":"http:\/\/laplumedeloiseaulyre.com\/index.php?rest_route=\/wp\/v2\/types\/page"}],"author":[{"embeddable":true,"href":"http:\/\/laplumedeloiseaulyre.com\/index.php?rest_route=\/wp\/v2\/users\/1"}],"replies":[{"embeddable":true,"href":"http:\/\/laplumedeloiseaulyre.com\/index.php?rest_route=%2Fwp%2Fv2%2Fcomments&post=7328"}],"version-history":[{"count":1,"href":"http:\/\/laplumedeloiseaulyre.com\/index.php?rest_route=\/wp\/v2\/pages\/7328\/revisions"}],"predecessor-version":[{"id":7329,"href":"http:\/\/laplumedeloiseaulyre.com\/index.php?rest_route=\/wp\/v2\/pages\/7328\/revisions\/7329"}],"wp:attachment":[{"href":"http:\/\/laplumedeloiseaulyre.com\/index.php?rest_route=%2Fwp%2Fv2%2Fmedia&parent=7328"}],"curies":[{"name":"wp","href":"https:\/\/api.w.org\/{rel}","templated":true}]}}