{"id":7326,"date":"2018-03-02T16:31:33","date_gmt":"2018-03-02T16:31:33","guid":{"rendered":"http:\/\/laplumedeloiseaulyre.com\/?page_id=7326"},"modified":"2021-05-01T23:29:26","modified_gmt":"2021-05-01T23:29:26","slug":"pivoine-paeonia-suffruticosa","status":"publish","type":"page","link":"http:\/\/laplumedeloiseaulyre.com\/?page_id=7326","title":{"rendered":"PIVOINE Paeonia suffruticosa"},"content":{"rendered":"<p>Guerri\u00e8re beaut\u00e9 d&rsquo;Aphrodite qui la casque,<br \/>\nCom\u00e9dienne virtuose qui baigne d\u2019or<br \/>\nLe front des lyres et la bouche des amphores,<br \/>\nPivoine, fleur de l\u2019aveu port\u00e9 dans la vasque.<\/p>\n<p><span style=\"color: #339966;\"><strong>(English) PEONY\u00a0<em>Paeonia suffruticosa<\/em><\/strong><\/span><\/p>\n<p><span style=\"color: #339966;\">Venus orns this warrior of the beautiful,<\/span><br \/>\n<span style=\"color: #339966;\"> This virtuoso player who bathes with gold<\/span><br \/>\n<span style=\"color: #339966;\"> The neck of amphora and the front of lyres of old.<\/span><br \/>\n<span style=\"color: #339966;\"> Peony, flower of avowal contained within a bowl.<\/span><\/p>\n<p><span style=\"color: #339966;\">\u00a9traduction David Lowe<\/span><\/p>\n","protected":false},"excerpt":{"rendered":"<p>Guerri\u00e8re beaut\u00e9 d&rsquo;Aphrodite qui la casque, Com\u00e9dienne virtuose qui baigne d\u2019or Le front des lyres et la bouche des amphores, Pivoine, fleur de l\u2019aveu port\u00e9 dans la vasque. (English) PEONY\u00a0Paeonia suffruticosa Venus orns this warrior of the beautiful, This virtuoso&hellip;<\/p>\n<p class=\"more-link-p\"><a class=\"more-link\" href=\"http:\/\/laplumedeloiseaulyre.com\/?page_id=7326\">Read more &rarr;<\/a><\/p>\n","protected":false},"author":1,"featured_media":0,"parent":0,"menu_order":0,"comment_status":"closed","ping_status":"closed","template":"","meta":{"spay_email":""},"jetpack_shortlink":"https:\/\/wp.me\/P4lzfC-1Ua","_links":{"self":[{"href":"http:\/\/laplumedeloiseaulyre.com\/index.php?rest_route=\/wp\/v2\/pages\/7326"}],"collection":[{"href":"http:\/\/laplumedeloiseaulyre.com\/index.php?rest_route=\/wp\/v2\/pages"}],"about":[{"href":"http:\/\/laplumedeloiseaulyre.com\/index.php?rest_route=\/wp\/v2\/types\/page"}],"author":[{"embeddable":true,"href":"http:\/\/laplumedeloiseaulyre.com\/index.php?rest_route=\/wp\/v2\/users\/1"}],"replies":[{"embeddable":true,"href":"http:\/\/laplumedeloiseaulyre.com\/index.php?rest_route=%2Fwp%2Fv2%2Fcomments&post=7326"}],"version-history":[{"count":7,"href":"http:\/\/laplumedeloiseaulyre.com\/index.php?rest_route=\/wp\/v2\/pages\/7326\/revisions"}],"predecessor-version":[{"id":12126,"href":"http:\/\/laplumedeloiseaulyre.com\/index.php?rest_route=\/wp\/v2\/pages\/7326\/revisions\/12126"}],"wp:attachment":[{"href":"http:\/\/laplumedeloiseaulyre.com\/index.php?rest_route=%2Fwp%2Fv2%2Fmedia&parent=7326"}],"curies":[{"name":"wp","href":"https:\/\/api.w.org\/{rel}","templated":true}]}}