{"id":7322,"date":"2018-03-02T16:30:22","date_gmt":"2018-03-02T16:30:22","guid":{"rendered":"http:\/\/laplumedeloiseaulyre.com\/?page_id=7322"},"modified":"2021-07-01T20:19:32","modified_gmt":"2021-07-01T20:19:32","slug":"pissenlit-taraxacum","status":"publish","type":"page","link":"http:\/\/laplumedeloiseaulyre.com\/?page_id=7322","title":{"rendered":"PISSENLIT Taraxacum officinale"},"content":{"rendered":"<p>Au tirage au sort Pissenlit est versatile :<br \/>\nEn ses p\u00e9tales on effeuille l&rsquo;all\u00e9gresse,<br \/>\nPuis en ses semences nuageuses et futiles<br \/>\nOn respire un souffle languissant de d\u00e9tresse.<\/p>\n","protected":false},"excerpt":{"rendered":"<p>Au tirage au sort Pissenlit est versatile : En ses p\u00e9tales on effeuille l&rsquo;all\u00e9gresse, Puis en ses semences nuageuses et futiles On respire un souffle languissant de d\u00e9tresse.<\/p>\n<p class=\"more-link-p\"><a class=\"more-link\" href=\"http:\/\/laplumedeloiseaulyre.com\/?page_id=7322\">Read more &rarr;<\/a><\/p>\n","protected":false},"author":1,"featured_media":0,"parent":0,"menu_order":0,"comment_status":"closed","ping_status":"closed","template":"","meta":{"spay_email":""},"jetpack_shortlink":"https:\/\/wp.me\/P4lzfC-1U6","_links":{"self":[{"href":"http:\/\/laplumedeloiseaulyre.com\/index.php?rest_route=\/wp\/v2\/pages\/7322"}],"collection":[{"href":"http:\/\/laplumedeloiseaulyre.com\/index.php?rest_route=\/wp\/v2\/pages"}],"about":[{"href":"http:\/\/laplumedeloiseaulyre.com\/index.php?rest_route=\/wp\/v2\/types\/page"}],"author":[{"embeddable":true,"href":"http:\/\/laplumedeloiseaulyre.com\/index.php?rest_route=\/wp\/v2\/users\/1"}],"replies":[{"embeddable":true,"href":"http:\/\/laplumedeloiseaulyre.com\/index.php?rest_route=%2Fwp%2Fv2%2Fcomments&post=7322"}],"version-history":[{"count":2,"href":"http:\/\/laplumedeloiseaulyre.com\/index.php?rest_route=\/wp\/v2\/pages\/7322\/revisions"}],"predecessor-version":[{"id":12463,"href":"http:\/\/laplumedeloiseaulyre.com\/index.php?rest_route=\/wp\/v2\/pages\/7322\/revisions\/12463"}],"wp:attachment":[{"href":"http:\/\/laplumedeloiseaulyre.com\/index.php?rest_route=%2Fwp%2Fv2%2Fmedia&parent=7322"}],"curies":[{"name":"wp","href":"https:\/\/api.w.org\/{rel}","templated":true}]}}