{"id":7306,"date":"2018-03-02T11:42:29","date_gmt":"2018-03-02T11:42:29","guid":{"rendered":"http:\/\/laplumedeloiseaulyre.com\/?page_id=7306"},"modified":"2018-03-02T11:42:29","modified_gmt":"2018-03-02T11:42:29","slug":"pied-de-coq-echinochloa-crus-galli","status":"publish","type":"page","link":"http:\/\/laplumedeloiseaulyre.com\/?page_id=7306","title":{"rendered":"PIED-DE-COQ Echinochloa crus-galli"},"content":{"rendered":"<p>Ne me dites rien de vous Pied-de-Coq !<br \/>\nJe pr\u00e9f\u00e8re vous savoir orgueilleux<br \/>\nPuissant et inaccessible Monsieur<br \/>\nAvec ligule de la Belle \u00c9poque.<\/p>\n","protected":false},"excerpt":{"rendered":"<p>Ne me dites rien de vous Pied-de-Coq ! Je pr\u00e9f\u00e8re vous savoir orgueilleux Puissant et inaccessible Monsieur Avec ligule de la Belle \u00c9poque.<\/p>\n<p class=\"more-link-p\"><a class=\"more-link\" href=\"http:\/\/laplumedeloiseaulyre.com\/?page_id=7306\">Read more &rarr;<\/a><\/p>\n","protected":false},"author":1,"featured_media":0,"parent":0,"menu_order":0,"comment_status":"closed","ping_status":"closed","template":"","meta":{"spay_email":""},"jetpack_shortlink":"https:\/\/wp.me\/P4lzfC-1TQ","_links":{"self":[{"href":"http:\/\/laplumedeloiseaulyre.com\/index.php?rest_route=\/wp\/v2\/pages\/7306"}],"collection":[{"href":"http:\/\/laplumedeloiseaulyre.com\/index.php?rest_route=\/wp\/v2\/pages"}],"about":[{"href":"http:\/\/laplumedeloiseaulyre.com\/index.php?rest_route=\/wp\/v2\/types\/page"}],"author":[{"embeddable":true,"href":"http:\/\/laplumedeloiseaulyre.com\/index.php?rest_route=\/wp\/v2\/users\/1"}],"replies":[{"embeddable":true,"href":"http:\/\/laplumedeloiseaulyre.com\/index.php?rest_route=%2Fwp%2Fv2%2Fcomments&post=7306"}],"version-history":[{"count":1,"href":"http:\/\/laplumedeloiseaulyre.com\/index.php?rest_route=\/wp\/v2\/pages\/7306\/revisions"}],"predecessor-version":[{"id":7307,"href":"http:\/\/laplumedeloiseaulyre.com\/index.php?rest_route=\/wp\/v2\/pages\/7306\/revisions\/7307"}],"wp:attachment":[{"href":"http:\/\/laplumedeloiseaulyre.com\/index.php?rest_route=%2Fwp%2Fv2%2Fmedia&parent=7306"}],"curies":[{"name":"wp","href":"https:\/\/api.w.org\/{rel}","templated":true}]}}