{"id":7296,"date":"2018-03-02T11:38:59","date_gmt":"2018-03-02T11:38:59","guid":{"rendered":"http:\/\/laplumedeloiseaulyre.com\/?page_id=7296"},"modified":"2018-03-02T11:38:59","modified_gmt":"2018-03-02T11:38:59","slug":"phloxs-phlox-paniculata","status":"publish","type":"page","link":"http:\/\/laplumedeloiseaulyre.com\/?page_id=7296","title":{"rendered":"PHLOXS Phlox paniculata"},"content":{"rendered":"<p>J\u2019ai d\u00e9di\u00e9 ces Phloxs aux arts lib\u00e9raux<br \/>\nSous l\u2019\u00e9brasement d\u2019une cath\u00e9drale,<br \/>\nPour que le clocher redise aux vitraux<br \/>\nLa vraie rh\u00e9torique de leurs p\u00e9tales.<\/p>\n","protected":false},"excerpt":{"rendered":"<p>J\u2019ai d\u00e9di\u00e9 ces Phloxs aux arts lib\u00e9raux Sous l\u2019\u00e9brasement d\u2019une cath\u00e9drale, Pour que le clocher redise aux vitraux La vraie rh\u00e9torique de leurs p\u00e9tales.<\/p>\n<p class=\"more-link-p\"><a class=\"more-link\" href=\"http:\/\/laplumedeloiseaulyre.com\/?page_id=7296\">Read more &rarr;<\/a><\/p>\n","protected":false},"author":1,"featured_media":0,"parent":0,"menu_order":0,"comment_status":"closed","ping_status":"closed","template":"","meta":{"spay_email":""},"jetpack_shortlink":"https:\/\/wp.me\/P4lzfC-1TG","_links":{"self":[{"href":"http:\/\/laplumedeloiseaulyre.com\/index.php?rest_route=\/wp\/v2\/pages\/7296"}],"collection":[{"href":"http:\/\/laplumedeloiseaulyre.com\/index.php?rest_route=\/wp\/v2\/pages"}],"about":[{"href":"http:\/\/laplumedeloiseaulyre.com\/index.php?rest_route=\/wp\/v2\/types\/page"}],"author":[{"embeddable":true,"href":"http:\/\/laplumedeloiseaulyre.com\/index.php?rest_route=\/wp\/v2\/users\/1"}],"replies":[{"embeddable":true,"href":"http:\/\/laplumedeloiseaulyre.com\/index.php?rest_route=%2Fwp%2Fv2%2Fcomments&post=7296"}],"version-history":[{"count":1,"href":"http:\/\/laplumedeloiseaulyre.com\/index.php?rest_route=\/wp\/v2\/pages\/7296\/revisions"}],"predecessor-version":[{"id":7297,"href":"http:\/\/laplumedeloiseaulyre.com\/index.php?rest_route=\/wp\/v2\/pages\/7296\/revisions\/7297"}],"wp:attachment":[{"href":"http:\/\/laplumedeloiseaulyre.com\/index.php?rest_route=%2Fwp%2Fv2%2Fmedia&parent=7296"}],"curies":[{"name":"wp","href":"https:\/\/api.w.org\/{rel}","templated":true}]}}