{"id":7290,"date":"2018-03-02T11:33:15","date_gmt":"2018-03-02T11:33:15","guid":{"rendered":"http:\/\/laplumedeloiseaulyre.com\/?page_id=7290"},"modified":"2021-07-23T22:30:43","modified_gmt":"2021-07-23T22:30:43","slug":"petunia-petunia-integrifolia","status":"publish","type":"page","link":"http:\/\/laplumedeloiseaulyre.com\/?page_id=7290","title":{"rendered":"P\u00c9TUNIA Petunia integrifolia"},"content":{"rendered":"<p>Pour le P\u00e9tunia, non point de piti\u00e9 !<br \/>\nIl nous agace avec sa voix banale,<br \/>\nSes poumons plats \u00e0 force de crier<br \/>\nEt sa d\u00e9marche mollement bancale.<\/p>\n","protected":false},"excerpt":{"rendered":"<p>Pour le P\u00e9tunia, non point de piti\u00e9 ! Il nous agace avec sa voix banale, Ses poumons plats \u00e0 force de crier Et sa d\u00e9marche mollement bancale.<\/p>\n<p class=\"more-link-p\"><a class=\"more-link\" href=\"http:\/\/laplumedeloiseaulyre.com\/?page_id=7290\">Read more &rarr;<\/a><\/p>\n","protected":false},"author":1,"featured_media":0,"parent":0,"menu_order":0,"comment_status":"closed","ping_status":"closed","template":"","meta":{"spay_email":""},"jetpack_shortlink":"https:\/\/wp.me\/P4lzfC-1TA","_links":{"self":[{"href":"http:\/\/laplumedeloiseaulyre.com\/index.php?rest_route=\/wp\/v2\/pages\/7290"}],"collection":[{"href":"http:\/\/laplumedeloiseaulyre.com\/index.php?rest_route=\/wp\/v2\/pages"}],"about":[{"href":"http:\/\/laplumedeloiseaulyre.com\/index.php?rest_route=\/wp\/v2\/types\/page"}],"author":[{"embeddable":true,"href":"http:\/\/laplumedeloiseaulyre.com\/index.php?rest_route=\/wp\/v2\/users\/1"}],"replies":[{"embeddable":true,"href":"http:\/\/laplumedeloiseaulyre.com\/index.php?rest_route=%2Fwp%2Fv2%2Fcomments&post=7290"}],"version-history":[{"count":2,"href":"http:\/\/laplumedeloiseaulyre.com\/index.php?rest_route=\/wp\/v2\/pages\/7290\/revisions"}],"predecessor-version":[{"id":12628,"href":"http:\/\/laplumedeloiseaulyre.com\/index.php?rest_route=\/wp\/v2\/pages\/7290\/revisions\/12628"}],"wp:attachment":[{"href":"http:\/\/laplumedeloiseaulyre.com\/index.php?rest_route=%2Fwp%2Fv2%2Fmedia&parent=7290"}],"curies":[{"name":"wp","href":"https:\/\/api.w.org\/{rel}","templated":true}]}}