{"id":7288,"date":"2018-03-02T11:32:17","date_gmt":"2018-03-02T11:32:17","guid":{"rendered":"http:\/\/laplumedeloiseaulyre.com\/?page_id=7288"},"modified":"2018-03-02T11:32:17","modified_gmt":"2018-03-02T11:32:17","slug":"petit-pois-pisum-sativum","status":"publish","type":"page","link":"http:\/\/laplumedeloiseaulyre.com\/?page_id=7288","title":{"rendered":"PETIT POIS Pisum sativum"},"content":{"rendered":"<p>Petit pois, ta fra\u00eecheur craquante et verte<br \/>\nAmuse Polichinelle et Pierrot<br \/>\nSur la sc\u00e8ne d&rsquo;une cuisine alerte<br \/>\nO\u00f9 Colombine d\u00e9coupe un gigot.<\/p>\n","protected":false},"excerpt":{"rendered":"<p>Petit pois, ta fra\u00eecheur craquante et verte Amuse Polichinelle et Pierrot Sur la sc\u00e8ne d&rsquo;une cuisine alerte O\u00f9 Colombine d\u00e9coupe un gigot.<\/p>\n<p class=\"more-link-p\"><a class=\"more-link\" href=\"http:\/\/laplumedeloiseaulyre.com\/?page_id=7288\">Read more &rarr;<\/a><\/p>\n","protected":false},"author":1,"featured_media":0,"parent":0,"menu_order":0,"comment_status":"closed","ping_status":"closed","template":"","meta":{"spay_email":""},"jetpack_shortlink":"https:\/\/wp.me\/P4lzfC-1Ty","_links":{"self":[{"href":"http:\/\/laplumedeloiseaulyre.com\/index.php?rest_route=\/wp\/v2\/pages\/7288"}],"collection":[{"href":"http:\/\/laplumedeloiseaulyre.com\/index.php?rest_route=\/wp\/v2\/pages"}],"about":[{"href":"http:\/\/laplumedeloiseaulyre.com\/index.php?rest_route=\/wp\/v2\/types\/page"}],"author":[{"embeddable":true,"href":"http:\/\/laplumedeloiseaulyre.com\/index.php?rest_route=\/wp\/v2\/users\/1"}],"replies":[{"embeddable":true,"href":"http:\/\/laplumedeloiseaulyre.com\/index.php?rest_route=%2Fwp%2Fv2%2Fcomments&post=7288"}],"version-history":[{"count":1,"href":"http:\/\/laplumedeloiseaulyre.com\/index.php?rest_route=\/wp\/v2\/pages\/7288\/revisions"}],"predecessor-version":[{"id":7289,"href":"http:\/\/laplumedeloiseaulyre.com\/index.php?rest_route=\/wp\/v2\/pages\/7288\/revisions\/7289"}],"wp:attachment":[{"href":"http:\/\/laplumedeloiseaulyre.com\/index.php?rest_route=%2Fwp%2Fv2%2Fmedia&parent=7288"}],"curies":[{"name":"wp","href":"https:\/\/api.w.org\/{rel}","templated":true}]}}