{"id":7280,"date":"2018-03-02T11:29:30","date_gmt":"2018-03-02T11:29:30","guid":{"rendered":"http:\/\/laplumedeloiseaulyre.com\/?page_id=7280"},"modified":"2021-05-01T23:12:14","modified_gmt":"2021-05-01T23:12:14","slug":"perce-neige-galanthus-nivalis","status":"publish","type":"page","link":"http:\/\/laplumedeloiseaulyre.com\/?page_id=7280","title":{"rendered":"PERCE-NEIGE Galanthus nivalis"},"content":{"rendered":"<p>Qu&rsquo;importent printemps, \u00e9t\u00e9 ou automne<br \/>\nAu Perce-neige qui n&rsquo;aime qu&rsquo;hiver ?<br \/>\nLaissez-le blanchir dans cette clairi\u00e8re<br \/>\nC&rsquo;est ainsi qu&rsquo;il veut glorifier Pomone.<\/p>\n","protected":false},"excerpt":{"rendered":"<p>Qu&rsquo;importent printemps, \u00e9t\u00e9 ou automne Au Perce-neige qui n&rsquo;aime qu&rsquo;hiver ? Laissez-le blanchir dans cette clairi\u00e8re C&rsquo;est ainsi qu&rsquo;il veut glorifier Pomone.<\/p>\n<p class=\"more-link-p\"><a class=\"more-link\" href=\"http:\/\/laplumedeloiseaulyre.com\/?page_id=7280\">Read more &rarr;<\/a><\/p>\n","protected":false},"author":1,"featured_media":0,"parent":0,"menu_order":0,"comment_status":"closed","ping_status":"closed","template":"","meta":{"spay_email":""},"jetpack_shortlink":"https:\/\/wp.me\/P4lzfC-1Tq","_links":{"self":[{"href":"http:\/\/laplumedeloiseaulyre.com\/index.php?rest_route=\/wp\/v2\/pages\/7280"}],"collection":[{"href":"http:\/\/laplumedeloiseaulyre.com\/index.php?rest_route=\/wp\/v2\/pages"}],"about":[{"href":"http:\/\/laplumedeloiseaulyre.com\/index.php?rest_route=\/wp\/v2\/types\/page"}],"author":[{"embeddable":true,"href":"http:\/\/laplumedeloiseaulyre.com\/index.php?rest_route=\/wp\/v2\/users\/1"}],"replies":[{"embeddable":true,"href":"http:\/\/laplumedeloiseaulyre.com\/index.php?rest_route=%2Fwp%2Fv2%2Fcomments&post=7280"}],"version-history":[{"count":2,"href":"http:\/\/laplumedeloiseaulyre.com\/index.php?rest_route=\/wp\/v2\/pages\/7280\/revisions"}],"predecessor-version":[{"id":12124,"href":"http:\/\/laplumedeloiseaulyre.com\/index.php?rest_route=\/wp\/v2\/pages\/7280\/revisions\/12124"}],"wp:attachment":[{"href":"http:\/\/laplumedeloiseaulyre.com\/index.php?rest_route=%2Fwp%2Fv2%2Fmedia&parent=7280"}],"curies":[{"name":"wp","href":"https:\/\/api.w.org\/{rel}","templated":true}]}}