{"id":7271,"date":"2018-03-02T11:14:42","date_gmt":"2018-03-02T11:14:42","guid":{"rendered":"http:\/\/laplumedeloiseaulyre.com\/?page_id=7271"},"modified":"2018-03-02T11:14:42","modified_gmt":"2018-03-02T11:14:42","slug":"pelargonium-pelargonium-grandiflorum","status":"publish","type":"page","link":"http:\/\/laplumedeloiseaulyre.com\/?page_id=7271","title":{"rendered":"P\u00c9LARGONIUM  Pelargonium grandiflorum"},"content":{"rendered":"<p>Le P\u00e9largonium met son habit rouge<br \/>\nPour saluer Monsieur Carl von Linn\u00e9,<br \/>\nSerrer la main de Monsieur Redout\u00e9<br \/>\nEn tenant bien droit le bec de son vouge.<\/p>\n","protected":false},"excerpt":{"rendered":"<p>Le P\u00e9largonium met son habit rouge Pour saluer Monsieur Carl von Linn\u00e9, Serrer la main de Monsieur Redout\u00e9 En tenant bien droit le bec de son vouge.<\/p>\n<p class=\"more-link-p\"><a class=\"more-link\" href=\"http:\/\/laplumedeloiseaulyre.com\/?page_id=7271\">Read more &rarr;<\/a><\/p>\n","protected":false},"author":1,"featured_media":0,"parent":0,"menu_order":0,"comment_status":"closed","ping_status":"closed","template":"","meta":{"spay_email":""},"jetpack_shortlink":"https:\/\/wp.me\/P4lzfC-1Th","_links":{"self":[{"href":"http:\/\/laplumedeloiseaulyre.com\/index.php?rest_route=\/wp\/v2\/pages\/7271"}],"collection":[{"href":"http:\/\/laplumedeloiseaulyre.com\/index.php?rest_route=\/wp\/v2\/pages"}],"about":[{"href":"http:\/\/laplumedeloiseaulyre.com\/index.php?rest_route=\/wp\/v2\/types\/page"}],"author":[{"embeddable":true,"href":"http:\/\/laplumedeloiseaulyre.com\/index.php?rest_route=\/wp\/v2\/users\/1"}],"replies":[{"embeddable":true,"href":"http:\/\/laplumedeloiseaulyre.com\/index.php?rest_route=%2Fwp%2Fv2%2Fcomments&post=7271"}],"version-history":[{"count":1,"href":"http:\/\/laplumedeloiseaulyre.com\/index.php?rest_route=\/wp\/v2\/pages\/7271\/revisions"}],"predecessor-version":[{"id":7272,"href":"http:\/\/laplumedeloiseaulyre.com\/index.php?rest_route=\/wp\/v2\/pages\/7271\/revisions\/7272"}],"wp:attachment":[{"href":"http:\/\/laplumedeloiseaulyre.com\/index.php?rest_route=%2Fwp%2Fv2%2Fmedia&parent=7271"}],"curies":[{"name":"wp","href":"https:\/\/api.w.org\/{rel}","templated":true}]}}