{"id":7260,"date":"2018-03-02T11:09:26","date_gmt":"2018-03-02T11:09:26","guid":{"rendered":"http:\/\/laplumedeloiseaulyre.com\/?page_id=7260"},"modified":"2021-03-26T14:26:00","modified_gmt":"2021-03-26T14:26:00","slug":"paturin-poa-trivialis","status":"publish","type":"page","link":"http:\/\/laplumedeloiseaulyre.com\/?page_id=7260","title":{"rendered":"P\u00c2TURIN COMMUN Poa trivialis"},"content":{"rendered":"<p>Vaches et veaux ruminent la syntaxe<br \/>\nDe Ma\u00eetre P\u00e2turin, roi du fermage,<br \/>\n\u00c0 l\u2019\u00e9cole buissonni\u00e8re il se taxe<br \/>\nD\u2019\u00e9duquer \u00e0 son go\u00fbt tout p\u00e2turage.<\/p>\n","protected":false},"excerpt":{"rendered":"<p>Vaches et veaux ruminent la syntaxe De Ma\u00eetre P\u00e2turin, roi du fermage, \u00c0 l\u2019\u00e9cole buissonni\u00e8re il se taxe D\u2019\u00e9duquer \u00e0 son go\u00fbt tout p\u00e2turage.<\/p>\n<p class=\"more-link-p\"><a class=\"more-link\" href=\"http:\/\/laplumedeloiseaulyre.com\/?page_id=7260\">Read more &rarr;<\/a><\/p>\n","protected":false},"author":1,"featured_media":0,"parent":0,"menu_order":0,"comment_status":"closed","ping_status":"closed","template":"","meta":{"spay_email":""},"jetpack_shortlink":"https:\/\/wp.me\/P4lzfC-1T6","_links":{"self":[{"href":"http:\/\/laplumedeloiseaulyre.com\/index.php?rest_route=\/wp\/v2\/pages\/7260"}],"collection":[{"href":"http:\/\/laplumedeloiseaulyre.com\/index.php?rest_route=\/wp\/v2\/pages"}],"about":[{"href":"http:\/\/laplumedeloiseaulyre.com\/index.php?rest_route=\/wp\/v2\/types\/page"}],"author":[{"embeddable":true,"href":"http:\/\/laplumedeloiseaulyre.com\/index.php?rest_route=\/wp\/v2\/users\/1"}],"replies":[{"embeddable":true,"href":"http:\/\/laplumedeloiseaulyre.com\/index.php?rest_route=%2Fwp%2Fv2%2Fcomments&post=7260"}],"version-history":[{"count":2,"href":"http:\/\/laplumedeloiseaulyre.com\/index.php?rest_route=\/wp\/v2\/pages\/7260\/revisions"}],"predecessor-version":[{"id":11931,"href":"http:\/\/laplumedeloiseaulyre.com\/index.php?rest_route=\/wp\/v2\/pages\/7260\/revisions\/11931"}],"wp:attachment":[{"href":"http:\/\/laplumedeloiseaulyre.com\/index.php?rest_route=%2Fwp%2Fv2%2Fmedia&parent=7260"}],"curies":[{"name":"wp","href":"https:\/\/api.w.org\/{rel}","templated":true}]}}