{"id":7252,"date":"2018-03-02T11:03:55","date_gmt":"2018-03-02T11:03:55","guid":{"rendered":"http:\/\/laplumedeloiseaulyre.com\/?page_id=7252"},"modified":"2021-05-01T22:40:02","modified_gmt":"2021-05-01T22:40:02","slug":"passiflore-passiflora-caerulea","status":"publish","type":"page","link":"http:\/\/laplumedeloiseaulyre.com\/?page_id=7252","title":{"rendered":"PASSIFLORE Passiflora caerulea"},"content":{"rendered":"<p>Passiflore, fragrance de toute passion,<br \/>\nD\u00e9esse des claustras aux couronnes d\u2019\u00e9pines,<br \/>\nOn te cloue sur le bois en per\u00e7ant ta poitrine<br \/>\nSans jamais emp\u00eacher ta divine ascension.<\/p>\n<p><span style=\"color: #339966;\"><strong>(English) PASSIFLORA\u00a0<em>Passiflora caerulea<\/em><\/strong><\/span><\/p>\n<p><span style=\"color: #339966;\">The fragrance of Passion flower<\/span><br \/>\n<span style=\"color: #339966;\"> Goddess of the trellis, crowned with thorns.<\/span><br \/>\n<span style=\"color: #339966;\"> Despite a nail through the heart and pinned to the cross<\/span><br \/>\n<span style=\"color: #339966;\"> Her ascension remains unhindered.<\/span><\/p>\n<p><span style=\"color: #339966;\">\u00a9traduction David Lowe<\/span><\/p>\n","protected":false},"excerpt":{"rendered":"<p>Passiflore, fragrance de toute passion, D\u00e9esse des claustras aux couronnes d\u2019\u00e9pines, On te cloue sur le bois en per\u00e7ant ta poitrine Sans jamais emp\u00eacher ta divine ascension. (English) PASSIFLORA\u00a0Passiflora caerulea The fragrance of Passion flower Goddess of the trellis, crowned&hellip;<\/p>\n<p class=\"more-link-p\"><a class=\"more-link\" href=\"http:\/\/laplumedeloiseaulyre.com\/?page_id=7252\">Read more &rarr;<\/a><\/p>\n","protected":false},"author":1,"featured_media":0,"parent":0,"menu_order":0,"comment_status":"closed","ping_status":"closed","template":"","meta":{"spay_email":""},"jetpack_shortlink":"https:\/\/wp.me\/P4lzfC-1SY","_links":{"self":[{"href":"http:\/\/laplumedeloiseaulyre.com\/index.php?rest_route=\/wp\/v2\/pages\/7252"}],"collection":[{"href":"http:\/\/laplumedeloiseaulyre.com\/index.php?rest_route=\/wp\/v2\/pages"}],"about":[{"href":"http:\/\/laplumedeloiseaulyre.com\/index.php?rest_route=\/wp\/v2\/types\/page"}],"author":[{"embeddable":true,"href":"http:\/\/laplumedeloiseaulyre.com\/index.php?rest_route=\/wp\/v2\/users\/1"}],"replies":[{"embeddable":true,"href":"http:\/\/laplumedeloiseaulyre.com\/index.php?rest_route=%2Fwp%2Fv2%2Fcomments&post=7252"}],"version-history":[{"count":6,"href":"http:\/\/laplumedeloiseaulyre.com\/index.php?rest_route=\/wp\/v2\/pages\/7252\/revisions"}],"predecessor-version":[{"id":12119,"href":"http:\/\/laplumedeloiseaulyre.com\/index.php?rest_route=\/wp\/v2\/pages\/7252\/revisions\/12119"}],"wp:attachment":[{"href":"http:\/\/laplumedeloiseaulyre.com\/index.php?rest_route=%2Fwp%2Fv2%2Fmedia&parent=7252"}],"curies":[{"name":"wp","href":"https:\/\/api.w.org\/{rel}","templated":true}]}}