{"id":7248,"date":"2018-03-02T11:02:14","date_gmt":"2018-03-02T11:02:14","guid":{"rendered":"http:\/\/laplumedeloiseaulyre.com\/?page_id=7248"},"modified":"2022-02-25T01:09:12","modified_gmt":"2022-02-25T01:09:12","slug":"paquerette-bellis-perennis","status":"publish","type":"page","link":"http:\/\/laplumedeloiseaulyre.com\/?page_id=7248","title":{"rendered":"P\u00c2QUERETTE Bellis perennis"},"content":{"rendered":"<p>Dieu, comme Elle devait \u00eatre belle<br \/>\nDe porter la beaut\u00e9 toute p\u00e9renne,<br \/>\nCelle qui devait parer l\u2019\u00c9ternel<br \/>\nComme la P\u00e2querette au jardin r\u00e8gne.<\/p>\n","protected":false},"excerpt":{"rendered":"<p>Dieu, comme Elle devait \u00eatre belle De porter la beaut\u00e9 toute p\u00e9renne, Celle qui devait parer l\u2019\u00c9ternel Comme la P\u00e2querette au jardin r\u00e8gne.<\/p>\n<p class=\"more-link-p\"><a class=\"more-link\" href=\"http:\/\/laplumedeloiseaulyre.com\/?page_id=7248\">Read more &rarr;<\/a><\/p>\n","protected":false},"author":1,"featured_media":0,"parent":0,"menu_order":0,"comment_status":"closed","ping_status":"closed","template":"","meta":{"spay_email":""},"jetpack_shortlink":"https:\/\/wp.me\/P4lzfC-1SU","_links":{"self":[{"href":"http:\/\/laplumedeloiseaulyre.com\/index.php?rest_route=\/wp\/v2\/pages\/7248"}],"collection":[{"href":"http:\/\/laplumedeloiseaulyre.com\/index.php?rest_route=\/wp\/v2\/pages"}],"about":[{"href":"http:\/\/laplumedeloiseaulyre.com\/index.php?rest_route=\/wp\/v2\/types\/page"}],"author":[{"embeddable":true,"href":"http:\/\/laplumedeloiseaulyre.com\/index.php?rest_route=\/wp\/v2\/users\/1"}],"replies":[{"embeddable":true,"href":"http:\/\/laplumedeloiseaulyre.com\/index.php?rest_route=%2Fwp%2Fv2%2Fcomments&post=7248"}],"version-history":[{"count":2,"href":"http:\/\/laplumedeloiseaulyre.com\/index.php?rest_route=\/wp\/v2\/pages\/7248\/revisions"}],"predecessor-version":[{"id":13702,"href":"http:\/\/laplumedeloiseaulyre.com\/index.php?rest_route=\/wp\/v2\/pages\/7248\/revisions\/13702"}],"wp:attachment":[{"href":"http:\/\/laplumedeloiseaulyre.com\/index.php?rest_route=%2Fwp%2Fv2%2Fmedia&parent=7248"}],"curies":[{"name":"wp","href":"https:\/\/api.w.org\/{rel}","templated":true}]}}