{"id":7244,"date":"2018-03-02T11:00:53","date_gmt":"2018-03-02T11:00:53","guid":{"rendered":"http:\/\/laplumedeloiseaulyre.com\/?page_id=7244"},"modified":"2021-05-01T22:22:25","modified_gmt":"2021-05-01T22:22:25","slug":"paprika-capsicum-annuum","status":"publish","type":"page","link":"http:\/\/laplumedeloiseaulyre.com\/?page_id=7244","title":{"rendered":"PAPRIKA Capsicum annuum"},"content":{"rendered":"<p>Paprika de toi ne puis me d\u00e9faire,<br \/>\nToi dont le long cri \u00e9pic\u00e9 me hante,<br \/>\nToi en qui je me heurte et je me perds,<br \/>\nToi qui rends toute paix rouge piquante.<\/p>\n","protected":false},"excerpt":{"rendered":"<p>Paprika de toi ne puis me d\u00e9faire, Toi dont le long cri \u00e9pic\u00e9 me hante, Toi en qui je me heurte et je me perds, Toi qui rends toute paix rouge piquante.<\/p>\n<p class=\"more-link-p\"><a class=\"more-link\" href=\"http:\/\/laplumedeloiseaulyre.com\/?page_id=7244\">Read more &rarr;<\/a><\/p>\n","protected":false},"author":1,"featured_media":0,"parent":0,"menu_order":0,"comment_status":"closed","ping_status":"closed","template":"","meta":{"spay_email":""},"jetpack_shortlink":"https:\/\/wp.me\/P4lzfC-1SQ","_links":{"self":[{"href":"http:\/\/laplumedeloiseaulyre.com\/index.php?rest_route=\/wp\/v2\/pages\/7244"}],"collection":[{"href":"http:\/\/laplumedeloiseaulyre.com\/index.php?rest_route=\/wp\/v2\/pages"}],"about":[{"href":"http:\/\/laplumedeloiseaulyre.com\/index.php?rest_route=\/wp\/v2\/types\/page"}],"author":[{"embeddable":true,"href":"http:\/\/laplumedeloiseaulyre.com\/index.php?rest_route=\/wp\/v2\/users\/1"}],"replies":[{"embeddable":true,"href":"http:\/\/laplumedeloiseaulyre.com\/index.php?rest_route=%2Fwp%2Fv2%2Fcomments&post=7244"}],"version-history":[{"count":2,"href":"http:\/\/laplumedeloiseaulyre.com\/index.php?rest_route=\/wp\/v2\/pages\/7244\/revisions"}],"predecessor-version":[{"id":12115,"href":"http:\/\/laplumedeloiseaulyre.com\/index.php?rest_route=\/wp\/v2\/pages\/7244\/revisions\/12115"}],"wp:attachment":[{"href":"http:\/\/laplumedeloiseaulyre.com\/index.php?rest_route=%2Fwp%2Fv2%2Fmedia&parent=7244"}],"curies":[{"name":"wp","href":"https:\/\/api.w.org\/{rel}","templated":true}]}}