{"id":7240,"date":"2018-03-02T10:59:03","date_gmt":"2018-03-02T10:59:03","guid":{"rendered":"http:\/\/laplumedeloiseaulyre.com\/?page_id=7240"},"modified":"2018-03-02T10:59:03","modified_gmt":"2018-03-02T10:59:03","slug":"panicaut-eryngium-campestre","status":"publish","type":"page","link":"http:\/\/laplumedeloiseaulyre.com\/?page_id=7240","title":{"rendered":"PANICAUT  Eryngium campestre"},"content":{"rendered":"<p>Panicaut, chardon peintre de D\u00fcrer,<br \/>\nHerbe au feuillage d\u00e9chiquet\u00e9<br \/>\nDont la fleur cro\u00eet sur sa tige en pri\u00e8re<br \/>\nComme la clausule d\u2019un <em>Ave<\/em>. <\/p>\n","protected":false},"excerpt":{"rendered":"<p>Panicaut, chardon peintre de D\u00fcrer, Herbe au feuillage d\u00e9chiquet\u00e9 Dont la fleur cro\u00eet sur sa tige en pri\u00e8re Comme la clausule d\u2019un Ave.<\/p>\n<p class=\"more-link-p\"><a class=\"more-link\" href=\"http:\/\/laplumedeloiseaulyre.com\/?page_id=7240\">Read more &rarr;<\/a><\/p>\n","protected":false},"author":1,"featured_media":0,"parent":0,"menu_order":0,"comment_status":"closed","ping_status":"closed","template":"","meta":{"spay_email":""},"jetpack_shortlink":"https:\/\/wp.me\/P4lzfC-1SM","_links":{"self":[{"href":"http:\/\/laplumedeloiseaulyre.com\/index.php?rest_route=\/wp\/v2\/pages\/7240"}],"collection":[{"href":"http:\/\/laplumedeloiseaulyre.com\/index.php?rest_route=\/wp\/v2\/pages"}],"about":[{"href":"http:\/\/laplumedeloiseaulyre.com\/index.php?rest_route=\/wp\/v2\/types\/page"}],"author":[{"embeddable":true,"href":"http:\/\/laplumedeloiseaulyre.com\/index.php?rest_route=\/wp\/v2\/users\/1"}],"replies":[{"embeddable":true,"href":"http:\/\/laplumedeloiseaulyre.com\/index.php?rest_route=%2Fwp%2Fv2%2Fcomments&post=7240"}],"version-history":[{"count":1,"href":"http:\/\/laplumedeloiseaulyre.com\/index.php?rest_route=\/wp\/v2\/pages\/7240\/revisions"}],"predecessor-version":[{"id":7241,"href":"http:\/\/laplumedeloiseaulyre.com\/index.php?rest_route=\/wp\/v2\/pages\/7240\/revisions\/7241"}],"wp:attachment":[{"href":"http:\/\/laplumedeloiseaulyre.com\/index.php?rest_route=%2Fwp%2Fv2%2Fmedia&parent=7240"}],"curies":[{"name":"wp","href":"https:\/\/api.w.org\/{rel}","templated":true}]}}