{"id":7238,"date":"2018-03-02T10:58:14","date_gmt":"2018-03-02T10:58:14","guid":{"rendered":"http:\/\/laplumedeloiseaulyre.com\/?page_id=7238"},"modified":"2018-03-02T10:58:14","modified_gmt":"2018-03-02T10:58:14","slug":"panais-pastinaca-sativa","status":"publish","type":"page","link":"http:\/\/laplumedeloiseaulyre.com\/?page_id=7238","title":{"rendered":"PANAIS  Pastinaca sativa"},"content":{"rendered":"<p>Clerc de notaire pench\u00e9 sur sa loupe<br \/>\nLe v\u00e9reux Panais cherche client\u00e8le :<br \/>\nIl flattera les taupes p\u00eale-m\u00eale<br \/>\nPuis les punaises, roi de l\u2019entourloupe. <\/p>\n","protected":false},"excerpt":{"rendered":"<p>Clerc de notaire pench\u00e9 sur sa loupe Le v\u00e9reux Panais cherche client\u00e8le : Il flattera les taupes p\u00eale-m\u00eale Puis les punaises, roi de l\u2019entourloupe.<\/p>\n<p class=\"more-link-p\"><a class=\"more-link\" href=\"http:\/\/laplumedeloiseaulyre.com\/?page_id=7238\">Read more &rarr;<\/a><\/p>\n","protected":false},"author":1,"featured_media":0,"parent":0,"menu_order":0,"comment_status":"closed","ping_status":"closed","template":"","meta":{"spay_email":""},"jetpack_shortlink":"https:\/\/wp.me\/P4lzfC-1SK","_links":{"self":[{"href":"http:\/\/laplumedeloiseaulyre.com\/index.php?rest_route=\/wp\/v2\/pages\/7238"}],"collection":[{"href":"http:\/\/laplumedeloiseaulyre.com\/index.php?rest_route=\/wp\/v2\/pages"}],"about":[{"href":"http:\/\/laplumedeloiseaulyre.com\/index.php?rest_route=\/wp\/v2\/types\/page"}],"author":[{"embeddable":true,"href":"http:\/\/laplumedeloiseaulyre.com\/index.php?rest_route=\/wp\/v2\/users\/1"}],"replies":[{"embeddable":true,"href":"http:\/\/laplumedeloiseaulyre.com\/index.php?rest_route=%2Fwp%2Fv2%2Fcomments&post=7238"}],"version-history":[{"count":1,"href":"http:\/\/laplumedeloiseaulyre.com\/index.php?rest_route=\/wp\/v2\/pages\/7238\/revisions"}],"predecessor-version":[{"id":7239,"href":"http:\/\/laplumedeloiseaulyre.com\/index.php?rest_route=\/wp\/v2\/pages\/7238\/revisions\/7239"}],"wp:attachment":[{"href":"http:\/\/laplumedeloiseaulyre.com\/index.php?rest_route=%2Fwp%2Fv2%2Fmedia&parent=7238"}],"curies":[{"name":"wp","href":"https:\/\/api.w.org\/{rel}","templated":true}]}}