{"id":7236,"date":"2018-03-02T10:57:29","date_gmt":"2018-03-02T10:57:29","guid":{"rendered":"http:\/\/laplumedeloiseaulyre.com\/?page_id=7236"},"modified":"2018-03-02T10:57:29","modified_gmt":"2018-03-02T10:57:29","slug":"pamplemousse-citrus-x-paradisi","status":"publish","type":"page","link":"http:\/\/laplumedeloiseaulyre.com\/?page_id=7236","title":{"rendered":"PAMPLEMOUSSE  Citrus x paradisi"},"content":{"rendered":"<p>Avec son \u00e9corce qui se tr\u00e9mousse<br \/>\nIl cavale et roule sans cesser,<br \/>\nIl se cabre et d\u00e9boule empress\u00e9,<br \/>\nArr\u00eate ton char, fringant Pamplemousse\u00a0!<\/p>\n","protected":false},"excerpt":{"rendered":"<p>Avec son \u00e9corce qui se tr\u00e9mousse Il cavale et roule sans cesser, Il se cabre et d\u00e9boule empress\u00e9, Arr\u00eate ton char, fringant Pamplemousse\u00a0!<\/p>\n<p class=\"more-link-p\"><a class=\"more-link\" href=\"http:\/\/laplumedeloiseaulyre.com\/?page_id=7236\">Read more &rarr;<\/a><\/p>\n","protected":false},"author":1,"featured_media":0,"parent":0,"menu_order":0,"comment_status":"closed","ping_status":"closed","template":"","meta":{"spay_email":""},"jetpack_shortlink":"https:\/\/wp.me\/P4lzfC-1SI","_links":{"self":[{"href":"http:\/\/laplumedeloiseaulyre.com\/index.php?rest_route=\/wp\/v2\/pages\/7236"}],"collection":[{"href":"http:\/\/laplumedeloiseaulyre.com\/index.php?rest_route=\/wp\/v2\/pages"}],"about":[{"href":"http:\/\/laplumedeloiseaulyre.com\/index.php?rest_route=\/wp\/v2\/types\/page"}],"author":[{"embeddable":true,"href":"http:\/\/laplumedeloiseaulyre.com\/index.php?rest_route=\/wp\/v2\/users\/1"}],"replies":[{"embeddable":true,"href":"http:\/\/laplumedeloiseaulyre.com\/index.php?rest_route=%2Fwp%2Fv2%2Fcomments&post=7236"}],"version-history":[{"count":1,"href":"http:\/\/laplumedeloiseaulyre.com\/index.php?rest_route=\/wp\/v2\/pages\/7236\/revisions"}],"predecessor-version":[{"id":7237,"href":"http:\/\/laplumedeloiseaulyre.com\/index.php?rest_route=\/wp\/v2\/pages\/7236\/revisions\/7237"}],"wp:attachment":[{"href":"http:\/\/laplumedeloiseaulyre.com\/index.php?rest_route=%2Fwp%2Fv2%2Fmedia&parent=7236"}],"curies":[{"name":"wp","href":"https:\/\/api.w.org\/{rel}","templated":true}]}}