{"id":7225,"date":"2018-03-02T10:52:29","date_gmt":"2018-03-02T10:52:29","guid":{"rendered":"http:\/\/laplumedeloiseaulyre.com\/?page_id=7225"},"modified":"2021-05-01T15:06:23","modified_gmt":"2021-05-01T15:06:23","slug":"pacanier-carya-illinoinensis","status":"publish","type":"page","link":"http:\/\/laplumedeloiseaulyre.com\/?page_id=7225","title":{"rendered":"PACANIER Carya illinoinensis"},"content":{"rendered":"<p>Comme la volute de l\u2019attente se plie<br \/>\nEt d\u00e9plie son rythme en alternant ses deux faces,<br \/>\nL\u2019\u00e9cho du Pacanier a prolong\u00e9 son cri<br \/>\nR\u00e9sonnant entre nos pas perdus qui s\u2019effacent.<\/p>\n","protected":false},"excerpt":{"rendered":"<p>Comme la volute de l\u2019attente se plie Et d\u00e9plie son rythme en alternant ses deux faces, L\u2019\u00e9cho du Pacanier a prolong\u00e9 son cri R\u00e9sonnant entre nos pas perdus qui s\u2019effacent.<\/p>\n<p class=\"more-link-p\"><a class=\"more-link\" href=\"http:\/\/laplumedeloiseaulyre.com\/?page_id=7225\">Read more &rarr;<\/a><\/p>\n","protected":false},"author":1,"featured_media":0,"parent":0,"menu_order":0,"comment_status":"closed","ping_status":"closed","template":"","meta":{"spay_email":""},"jetpack_shortlink":"https:\/\/wp.me\/P4lzfC-1Sx","_links":{"self":[{"href":"http:\/\/laplumedeloiseaulyre.com\/index.php?rest_route=\/wp\/v2\/pages\/7225"}],"collection":[{"href":"http:\/\/laplumedeloiseaulyre.com\/index.php?rest_route=\/wp\/v2\/pages"}],"about":[{"href":"http:\/\/laplumedeloiseaulyre.com\/index.php?rest_route=\/wp\/v2\/types\/page"}],"author":[{"embeddable":true,"href":"http:\/\/laplumedeloiseaulyre.com\/index.php?rest_route=\/wp\/v2\/users\/1"}],"replies":[{"embeddable":true,"href":"http:\/\/laplumedeloiseaulyre.com\/index.php?rest_route=%2Fwp%2Fv2%2Fcomments&post=7225"}],"version-history":[{"count":2,"href":"http:\/\/laplumedeloiseaulyre.com\/index.php?rest_route=\/wp\/v2\/pages\/7225\/revisions"}],"predecessor-version":[{"id":12113,"href":"http:\/\/laplumedeloiseaulyre.com\/index.php?rest_route=\/wp\/v2\/pages\/7225\/revisions\/12113"}],"wp:attachment":[{"href":"http:\/\/laplumedeloiseaulyre.com\/index.php?rest_route=%2Fwp%2Fv2%2Fmedia&parent=7225"}],"curies":[{"name":"wp","href":"https:\/\/api.w.org\/{rel}","templated":true}]}}