{"id":7221,"date":"2018-03-02T10:50:42","date_gmt":"2018-03-02T10:50:42","guid":{"rendered":"http:\/\/laplumedeloiseaulyre.com\/?page_id=7221"},"modified":"2018-03-02T10:50:42","modified_gmt":"2018-03-02T10:50:42","slug":"osmanthus-osmanthus-fragrans","status":"publish","type":"page","link":"http:\/\/laplumedeloiseaulyre.com\/?page_id=7221","title":{"rendered":"OSMANTHUS Osmanthus fragrans"},"content":{"rendered":"<p>Courage \u00e0 toi, compagnon Osmanthus<br \/>\nCourage \u00e0 toi qui osera d\u00e9fier<br \/>\nLa dormance de nature en janvier<br \/>\nQuand l\u2019hiver ploiera le viridarium.<\/p>\n","protected":false},"excerpt":{"rendered":"<p>Courage \u00e0 toi, compagnon Osmanthus Courage \u00e0 toi qui osera d\u00e9fier La dormance de nature en janvier Quand l\u2019hiver ploiera le viridarium.<\/p>\n<p class=\"more-link-p\"><a class=\"more-link\" href=\"http:\/\/laplumedeloiseaulyre.com\/?page_id=7221\">Read more &rarr;<\/a><\/p>\n","protected":false},"author":1,"featured_media":0,"parent":0,"menu_order":0,"comment_status":"closed","ping_status":"closed","template":"","meta":{"spay_email":""},"jetpack_shortlink":"https:\/\/wp.me\/P4lzfC-1St","_links":{"self":[{"href":"http:\/\/laplumedeloiseaulyre.com\/index.php?rest_route=\/wp\/v2\/pages\/7221"}],"collection":[{"href":"http:\/\/laplumedeloiseaulyre.com\/index.php?rest_route=\/wp\/v2\/pages"}],"about":[{"href":"http:\/\/laplumedeloiseaulyre.com\/index.php?rest_route=\/wp\/v2\/types\/page"}],"author":[{"embeddable":true,"href":"http:\/\/laplumedeloiseaulyre.com\/index.php?rest_route=\/wp\/v2\/users\/1"}],"replies":[{"embeddable":true,"href":"http:\/\/laplumedeloiseaulyre.com\/index.php?rest_route=%2Fwp%2Fv2%2Fcomments&post=7221"}],"version-history":[{"count":1,"href":"http:\/\/laplumedeloiseaulyre.com\/index.php?rest_route=\/wp\/v2\/pages\/7221\/revisions"}],"predecessor-version":[{"id":7222,"href":"http:\/\/laplumedeloiseaulyre.com\/index.php?rest_route=\/wp\/v2\/pages\/7221\/revisions\/7222"}],"wp:attachment":[{"href":"http:\/\/laplumedeloiseaulyre.com\/index.php?rest_route=%2Fwp%2Fv2%2Fmedia&parent=7221"}],"curies":[{"name":"wp","href":"https:\/\/api.w.org\/{rel}","templated":true}]}}