{"id":7217,"date":"2018-03-02T10:49:16","date_gmt":"2018-03-02T10:49:16","guid":{"rendered":"http:\/\/laplumedeloiseaulyre.com\/?page_id=7217"},"modified":"2018-03-02T10:49:16","modified_gmt":"2018-03-02T10:49:16","slug":"ortie-urtica-dioica","status":"publish","type":"page","link":"http:\/\/laplumedeloiseaulyre.com\/?page_id=7217","title":{"rendered":"ORTIE Urtica dioica"},"content":{"rendered":"<p>Mais vous aussi tr\u00e9passerez Orties<br \/>\nCondamn\u00e9es \u00e0 un terreau fun\u00e8bre<br \/>\nN\u2019ayant pas \u00e9t\u00e9 ap\u00f4tres ici,<br \/>\nAyant pr\u00e9f\u00e9r\u00e9 vice et t\u00e9n\u00e8bres.<\/p>\n","protected":false},"excerpt":{"rendered":"<p>Mais vous aussi tr\u00e9passerez Orties Condamn\u00e9es \u00e0 un terreau fun\u00e8bre N\u2019ayant pas \u00e9t\u00e9 ap\u00f4tres ici, Ayant pr\u00e9f\u00e9r\u00e9 vice et t\u00e9n\u00e8bres.<\/p>\n<p class=\"more-link-p\"><a class=\"more-link\" href=\"http:\/\/laplumedeloiseaulyre.com\/?page_id=7217\">Read more &rarr;<\/a><\/p>\n","protected":false},"author":1,"featured_media":0,"parent":0,"menu_order":0,"comment_status":"closed","ping_status":"closed","template":"","meta":{"spay_email":""},"jetpack_shortlink":"https:\/\/wp.me\/P4lzfC-1Sp","_links":{"self":[{"href":"http:\/\/laplumedeloiseaulyre.com\/index.php?rest_route=\/wp\/v2\/pages\/7217"}],"collection":[{"href":"http:\/\/laplumedeloiseaulyre.com\/index.php?rest_route=\/wp\/v2\/pages"}],"about":[{"href":"http:\/\/laplumedeloiseaulyre.com\/index.php?rest_route=\/wp\/v2\/types\/page"}],"author":[{"embeddable":true,"href":"http:\/\/laplumedeloiseaulyre.com\/index.php?rest_route=\/wp\/v2\/users\/1"}],"replies":[{"embeddable":true,"href":"http:\/\/laplumedeloiseaulyre.com\/index.php?rest_route=%2Fwp%2Fv2%2Fcomments&post=7217"}],"version-history":[{"count":1,"href":"http:\/\/laplumedeloiseaulyre.com\/index.php?rest_route=\/wp\/v2\/pages\/7217\/revisions"}],"predecessor-version":[{"id":7218,"href":"http:\/\/laplumedeloiseaulyre.com\/index.php?rest_route=\/wp\/v2\/pages\/7217\/revisions\/7218"}],"wp:attachment":[{"href":"http:\/\/laplumedeloiseaulyre.com\/index.php?rest_route=%2Fwp%2Fv2%2Fmedia&parent=7217"}],"curies":[{"name":"wp","href":"https:\/\/api.w.org\/{rel}","templated":true}]}}